{"id":16642,"date":"2023-11-04T02:45:10","date_gmt":"2023-11-04T01:45:10","guid":{"rendered":"http:\/\/innocentiemangonipiante.it\/punica-granatum\/"},"modified":"2023-11-09T10:12:20","modified_gmt":"2023-11-09T09:12:20","slug":"punica-granatum","status":"publish","type":"product","link":"https:\/\/innocentiemangonipiante.it\/es\/punica-granatum\/","title":{"rendered":"PUNICA granatum"},"content":{"rendered":"<p>Arbusto o \u00e1rbol peque\u00f1o redondeado, espinoso, con hojas oblongas, brillantes, de color verde brillante con vetas marr\u00f3n rojizo. En verano produce flores de forma de embudo con 5 p\u00e9talos de color naranja-rojo, a continuaci\u00f3n frutos comestibles globosos, amarillo-naranja-brunos, anchos hasta 12cm.<\/p>\n","protected":false},"excerpt":{"rendered":"<p>Arbusto o \u00e1rbol peque\u00f1o redondeado, espinoso, con hojas oblongas, brillantes, de color verde brillante con vetas marr\u00f3n rojizo. En verano produce flores de forma de embudo con 5 p\u00e9talos de color naranja-rojo, a continuaci\u00f3n frutos comestibles globosos, amarillo-naranja-brunos, anchos hasta 12cm.<\/p>\n","protected":false},"featured_media":5034,"template":"","meta":{"_acf_changed":false},"product_brand":[],"product_cat":[8814],"product_tag":[10899,8545,8566,8598,8402,8790],"class_list":{"0":"post-16642","1":"product","2":"type-product","3":"status-publish","4":"has-post-thumbnail","6":"product_cat-arboles-y-arbustos-de-hoja-caduca","7":"product_tag-natural-es","8":"product_tag-ejemplar","9":"product_tag-medio-tallo","10":"product_tag-multitronco-es-2","11":"product_tag-tallo-alto","12":"product_tag-troncos-viejos","13":"pa_altezza-massima-400-es","14":"pa_altezza-massima-600-es","15":"pa_colore-fioritura-naranja","16":"pa_condizionamento-clt-es","17":"pa_condizionamento-vs-es","18":"pa_famiglia-punicaceae-es","19":"pa_genere-punica-es","20":"pa_origine-asia-es","21":"pa_periodo-fioritura-mayo","22":"pa_periodo-fruttificazione-octubre","23":"pa_portamento-arrotondato-es","24":"pa_resistenza-climatica-media-elevada","25":"pa_resistenza-del-suolo-resistente-a-los-suelos-calcareos","26":"pa_resistenza-del-suolo-resistente-a-los-suelos-secos","27":"pa_utilizzo-parques","28":"pa_utilizzo-pequenos-jardines","29":"pa_utilizzo-setos","31":"first","32":"instock","33":"purchasable","34":"product-type-simple"},"acf":[],"_links":{"self":[{"href":"https:\/\/innocentiemangonipiante.it\/es\/wp-json\/wp\/v2\/product\/16642","targetHints":{"allow":["GET"]}}],"collection":[{"href":"https:\/\/innocentiemangonipiante.it\/es\/wp-json\/wp\/v2\/product"}],"about":[{"href":"https:\/\/innocentiemangonipiante.it\/es\/wp-json\/wp\/v2\/types\/product"}],"wp:featuredmedia":[{"embeddable":true,"href":"https:\/\/innocentiemangonipiante.it\/es\/wp-json\/wp\/v2\/media\/5034"}],"wp:attachment":[{"href":"https:\/\/innocentiemangonipiante.it\/es\/wp-json\/wp\/v2\/media?parent=16642"}],"wp:term":[{"taxonomy":"product_brand","embeddable":true,"href":"https:\/\/innocentiemangonipiante.it\/es\/wp-json\/wp\/v2\/product_brand?post=16642"},{"taxonomy":"product_cat","embeddable":true,"href":"https:\/\/innocentiemangonipiante.it\/es\/wp-json\/wp\/v2\/product_cat?post=16642"},{"taxonomy":"product_tag","embeddable":true,"href":"https:\/\/innocentiemangonipiante.it\/es\/wp-json\/wp\/v2\/product_tag?post=16642"}],"curies":[{"name":"wp","href":"https:\/\/api.w.org\/{rel}","templated":true}]}}