{"id":16647,"date":"2023-11-04T02:46:38","date_gmt":"2023-11-04T01:46:38","guid":{"rendered":"http:\/\/innocentiemangonipiante.it\/pyracantha-mohave\/"},"modified":"2023-11-09T10:13:16","modified_gmt":"2023-11-09T09:13:16","slug":"pyracantha-mohave","status":"publish","type":"product","link":"https:\/\/innocentiemangonipiante.it\/es\/pyracantha-mohave\/","title":{"rendered":"PYRACANTHA &#8216;Mohave&#8217;"},"content":{"rendered":"<p>Brillantes hojas verde oscuro. Porte vertical. Muyu apreciado por la enorme cantidad de bayas anaranjadas y rosa brillante que crean un espect\u00e1cular color oto\u00f1al. Variedad precoz, \u00f3ptima para seto.<\/p>\n","protected":false},"excerpt":{"rendered":"<p>Brillantes hojas verde oscuro. Porte vertical. Muyu apreciado por la enorme cantidad de bayas anaranjadas y rosa brillante que crean un espect\u00e1cular color oto\u00f1al. Variedad precoz, \u00f3ptima para seto.<\/p>\n","protected":false},"featured_media":5061,"template":"","meta":{"_acf_changed":false},"product_brand":[],"product_cat":[8815],"product_tag":[10899],"class_list":{"0":"post-16647","1":"product","2":"type-product","3":"status-publish","4":"has-post-thumbnail","6":"product_cat-arboles-y-arbustos-persistentes","7":"product_tag-natural-es","8":"pa_altezza-massima-200-es","9":"pa_altezza-massima-400-es","10":"pa_colore-fioritura-blanco","11":"pa_condizionamento-clt-es","12":"pa_famiglia-rosaceae-es","13":"pa_genere-pyracantha-es","14":"pa_origine-oriente-medio","15":"pa_periodo-fioritura-agosto-es","16":"pa_periodo-fioritura-julio","17":"pa_periodo-fruttificazione-octubre","18":"pa_portamento-conico-es","19":"pa_resistenza-climatica-media-elevada","20":"pa_utilizzo-pequenos-jardines","22":"first","23":"instock","24":"purchasable","25":"product-type-simple"},"acf":[],"_links":{"self":[{"href":"https:\/\/innocentiemangonipiante.it\/es\/wp-json\/wp\/v2\/product\/16647","targetHints":{"allow":["GET"]}}],"collection":[{"href":"https:\/\/innocentiemangonipiante.it\/es\/wp-json\/wp\/v2\/product"}],"about":[{"href":"https:\/\/innocentiemangonipiante.it\/es\/wp-json\/wp\/v2\/types\/product"}],"wp:featuredmedia":[{"embeddable":true,"href":"https:\/\/innocentiemangonipiante.it\/es\/wp-json\/wp\/v2\/media\/5061"}],"wp:attachment":[{"href":"https:\/\/innocentiemangonipiante.it\/es\/wp-json\/wp\/v2\/media?parent=16647"}],"wp:term":[{"taxonomy":"product_brand","embeddable":true,"href":"https:\/\/innocentiemangonipiante.it\/es\/wp-json\/wp\/v2\/product_brand?post=16647"},{"taxonomy":"product_cat","embeddable":true,"href":"https:\/\/innocentiemangonipiante.it\/es\/wp-json\/wp\/v2\/product_cat?post=16647"},{"taxonomy":"product_tag","embeddable":true,"href":"https:\/\/innocentiemangonipiante.it\/es\/wp-json\/wp\/v2\/product_tag?post=16647"}],"curies":[{"name":"wp","href":"https:\/\/api.w.org\/{rel}","templated":true}]}}