{"id":16649,"date":"2023-11-04T02:47:36","date_gmt":"2023-11-04T01:47:36","guid":{"rendered":"http:\/\/innocentiemangonipiante.it\/pyrus-calleyrana-capital\/"},"modified":"2023-11-09T10:13:55","modified_gmt":"2023-11-09T09:13:55","slug":"pyrus-calleyrana-capital","status":"publish","type":"product","link":"https:\/\/innocentiemangonipiante.it\/es\/pyrus-calleyrana-capital\/","title":{"rendered":"PYRUS calleyrana &#8216;Capital&#8217;"},"content":{"rendered":"<p>H\u00e1bito columnar, flores blancas en abril. Follaje verde y rojo p\u00farpura en oto\u00f1o.<\/p>\n","protected":false},"excerpt":{"rendered":"<p>H\u00e1bito columnar, flores blancas en abril. Follaje verde y rojo p\u00farpura en oto\u00f1o.<\/p>\n","protected":false},"featured_media":0,"template":"","meta":{"_acf_changed":false},"product_brand":[],"product_cat":[8814],"product_tag":[10899,8402],"class_list":{"0":"post-16649","1":"product","2":"type-product","3":"status-publish","5":"product_cat-arboles-y-arbustos-de-hoja-caduca","6":"product_tag-natural-es","7":"product_tag-tallo-alto","8":"pa_altezza-massima-800-es","9":"pa_altezza-massima-1000-es-2","10":"pa_colore-fioritura-blanco","11":"pa_condizionamento-clt-es","12":"pa_condizionamento-placa","13":"pa_famiglia-rosaceae-es","14":"pa_genere-pyrus-es","15":"pa_inquinamento-resistente-al-smog","16":"pa_origine-origine-delle-piante-u-s-a-es","17":"pa_periodo-fioritura-abril","18":"pa_portamento-de-columna-es","19":"pa_resistenza-climatica-muy-elevada","20":"pa_resistenza-del-suolo-resistente-a-los-suelos-secos","21":"pa_utilizzo-pequenos-jardines","23":"first","24":"instock","25":"purchasable","26":"product-type-simple"},"acf":[],"_links":{"self":[{"href":"https:\/\/innocentiemangonipiante.it\/es\/wp-json\/wp\/v2\/product\/16649","targetHints":{"allow":["GET"]}}],"collection":[{"href":"https:\/\/innocentiemangonipiante.it\/es\/wp-json\/wp\/v2\/product"}],"about":[{"href":"https:\/\/innocentiemangonipiante.it\/es\/wp-json\/wp\/v2\/types\/product"}],"wp:attachment":[{"href":"https:\/\/innocentiemangonipiante.it\/es\/wp-json\/wp\/v2\/media?parent=16649"}],"wp:term":[{"taxonomy":"product_brand","embeddable":true,"href":"https:\/\/innocentiemangonipiante.it\/es\/wp-json\/wp\/v2\/product_brand?post=16649"},{"taxonomy":"product_cat","embeddable":true,"href":"https:\/\/innocentiemangonipiante.it\/es\/wp-json\/wp\/v2\/product_cat?post=16649"},{"taxonomy":"product_tag","embeddable":true,"href":"https:\/\/innocentiemangonipiante.it\/es\/wp-json\/wp\/v2\/product_tag?post=16649"}],"curies":[{"name":"wp","href":"https:\/\/api.w.org\/{rel}","templated":true}]}}