{"id":16651,"date":"2023-11-04T02:47:27","date_gmt":"2023-11-04T01:47:27","guid":{"rendered":"http:\/\/innocentiemangonipiante.it\/pyrus-calleryana-redspire\/"},"modified":"2023-11-09T10:13:49","modified_gmt":"2023-11-09T09:13:49","slug":"pyrus-calleryana-redspire","status":"publish","type":"product","link":"https:\/\/innocentiemangonipiante.it\/es\/pyrus-calleryana-redspire\/","title":{"rendered":"PYRUS calleryana &#8216;Redspire&#8217;"},"content":{"rendered":"<p>\u00c1rbol de peque\u00f1o-medio desarrollo con follaje verde oscuro que vuelve a amarillo, rojo en oto\u00f1o. Abundante floraci\u00f3n en primavara. Conveniente para utilizazi\u00f3n en avenidas y jardines, tambi\u00e9n peque\u00f1os.<\/p>\n","protected":false},"excerpt":{"rendered":"<p>\u00c1rbol de peque\u00f1o-medio desarrollo con follaje verde oscuro que vuelve a amarillo, rojo en oto\u00f1o. Abundante floraci\u00f3n en primavara. Conveniente para utilizazi\u00f3n en avenidas y jardines, tambi\u00e9n peque\u00f1os.<\/p>\n","protected":false},"featured_media":5098,"template":"","meta":{"_acf_changed":false},"product_brand":[],"product_cat":[8814],"product_tag":[10899,8402],"class_list":{"0":"post-16651","1":"product","2":"type-product","3":"status-publish","4":"has-post-thumbnail","6":"product_cat-arboles-y-arbustos-de-hoja-caduca","7":"product_tag-natural-es","8":"product_tag-tallo-alto","9":"pa_altezza-massima-1000-es-2","10":"pa_altezza-massima-15-metros","11":"pa_colore-fioritura-blanco","12":"pa_condizionamento-clt-es","13":"pa_condizionamento-placa","14":"pa_famiglia-rosaceae-es","15":"pa_genere-pyrus-es","16":"pa_inquinamento-resistente-al-smog","17":"pa_origine-origine-delle-piante-u-s-a-es","18":"pa_periodo-fioritura-abril","19":"pa_periodo-fruttificazione-octubre","20":"pa_portamento-conico-es","21":"pa_resistenza-climatica-muy-elevada","22":"pa_resistenza-del-suolo-resistente-a-los-suelos-calcareos","23":"pa_utilizzo-avenidas","24":"pa_utilizzo-pequenos-jardines","26":"first","27":"instock","28":"purchasable","29":"product-type-simple"},"acf":[],"_links":{"self":[{"href":"https:\/\/innocentiemangonipiante.it\/es\/wp-json\/wp\/v2\/product\/16651","targetHints":{"allow":["GET"]}}],"collection":[{"href":"https:\/\/innocentiemangonipiante.it\/es\/wp-json\/wp\/v2\/product"}],"about":[{"href":"https:\/\/innocentiemangonipiante.it\/es\/wp-json\/wp\/v2\/types\/product"}],"wp:featuredmedia":[{"embeddable":true,"href":"https:\/\/innocentiemangonipiante.it\/es\/wp-json\/wp\/v2\/media\/5098"}],"wp:attachment":[{"href":"https:\/\/innocentiemangonipiante.it\/es\/wp-json\/wp\/v2\/media?parent=16651"}],"wp:term":[{"taxonomy":"product_brand","embeddable":true,"href":"https:\/\/innocentiemangonipiante.it\/es\/wp-json\/wp\/v2\/product_brand?post=16651"},{"taxonomy":"product_cat","embeddable":true,"href":"https:\/\/innocentiemangonipiante.it\/es\/wp-json\/wp\/v2\/product_cat?post=16651"},{"taxonomy":"product_tag","embeddable":true,"href":"https:\/\/innocentiemangonipiante.it\/es\/wp-json\/wp\/v2\/product_tag?post=16651"}],"curies":[{"name":"wp","href":"https:\/\/api.w.org\/{rel}","templated":true}]}}