{"id":16653,"date":"2023-11-04T02:47:18","date_gmt":"2023-11-04T01:47:18","guid":{"rendered":"http:\/\/innocentiemangonipiante.it\/pyrus-calleryana-chanticleer\/"},"modified":"2023-11-09T10:13:41","modified_gmt":"2023-11-09T09:13:41","slug":"pyrus-calleryana-chanticleer","status":"publish","type":"product","link":"https:\/\/innocentiemangonipiante.it\/es\/pyrus-calleryana-chanticleer\/","title":{"rendered":"PYRUS calleryana &#8216;Chanticleer&#8217; \u00ae"},"content":{"rendered":"<p>Peque\u00f1o \u00e1rbol caduco con porte de c\u00f3nico a piramidal. Sobre las ramas erguidas se desarrollan hojas caducas, alternadas, redondeadas, de 8 a 12 cm de largo, de color verde oscuro brillante, que vuelve a amarillonaranja y p\u00f9rpura en oto\u00f1o. A principios de primavera generalmente antes la emisi\u00f3n de las hojas, produce cantidades abundantes de flores blancas con 5 p\u00e9talos, simples, de di\u00e1metro de 2 cm.<\/p>\n","protected":false},"excerpt":{"rendered":"<p>Peque\u00f1o \u00e1rbol caduco con porte de c\u00f3nico a piramidal. Sobre las ramas erguidas se desarrollan hojas caducas, alternadas, redondeadas, de 8 a 12 cm de largo, de color verde oscuro brillante, que vuelve a amarillonaranja y p\u00f9rpura en oto\u00f1o. A principios de primavera generalmente antes la emisi\u00f3n de las hojas, produce cantidades abundantes de flores [&hellip;]<\/p>\n","protected":false},"featured_media":5092,"template":"","meta":{"_acf_changed":false},"product_brand":[],"product_cat":[8814],"product_tag":[10899,8402],"class_list":{"0":"post-16653","1":"product","2":"type-product","3":"status-publish","4":"has-post-thumbnail","6":"product_cat-arboles-y-arbustos-de-hoja-caduca","7":"product_tag-natural-es","8":"product_tag-tallo-alto","9":"pa_altezza-massima-800-es","10":"pa_altezza-massima-1000-es-2","11":"pa_colore-fioritura-blanco","12":"pa_condizionamento-clt-es","13":"pa_condizionamento-placa","14":"pa_famiglia-rosaceae-es","15":"pa_genere-pyrus-es","16":"pa_inquinamento-resistente-al-smog","17":"pa_origine-origine-delle-piante-u-s-a-es","18":"pa_periodo-fioritura-abril","19":"pa_periodo-fruttificazione-octubre","20":"pa_portamento-conico-es","21":"pa_resistenza-climatica-muy-elevada","22":"pa_resistenza-del-suolo-resistente-a-los-suelos-calcareos","23":"pa_salinita-resistente-alla-salsedine-es","24":"pa_utilizzo-parques","25":"pa_utilizzo-pequenos-jardines","27":"first","28":"instock","29":"purchasable","30":"product-type-simple"},"acf":[],"_links":{"self":[{"href":"https:\/\/innocentiemangonipiante.it\/es\/wp-json\/wp\/v2\/product\/16653","targetHints":{"allow":["GET"]}}],"collection":[{"href":"https:\/\/innocentiemangonipiante.it\/es\/wp-json\/wp\/v2\/product"}],"about":[{"href":"https:\/\/innocentiemangonipiante.it\/es\/wp-json\/wp\/v2\/types\/product"}],"wp:featuredmedia":[{"embeddable":true,"href":"https:\/\/innocentiemangonipiante.it\/es\/wp-json\/wp\/v2\/media\/5092"}],"wp:attachment":[{"href":"https:\/\/innocentiemangonipiante.it\/es\/wp-json\/wp\/v2\/media?parent=16653"}],"wp:term":[{"taxonomy":"product_brand","embeddable":true,"href":"https:\/\/innocentiemangonipiante.it\/es\/wp-json\/wp\/v2\/product_brand?post=16653"},{"taxonomy":"product_cat","embeddable":true,"href":"https:\/\/innocentiemangonipiante.it\/es\/wp-json\/wp\/v2\/product_cat?post=16653"},{"taxonomy":"product_tag","embeddable":true,"href":"https:\/\/innocentiemangonipiante.it\/es\/wp-json\/wp\/v2\/product_tag?post=16653"}],"curies":[{"name":"wp","href":"https:\/\/api.w.org\/{rel}","templated":true}]}}