{"id":16654,"date":"2023-11-04T02:47:12","date_gmt":"2023-11-04T01:47:12","guid":{"rendered":"http:\/\/innocentiemangonipiante.it\/pyrus-calleryana-bradford\/"},"modified":"2023-11-09T10:13:37","modified_gmt":"2023-11-09T09:13:37","slug":"pyrus-calleryana-bradford","status":"publish","type":"product","link":"https:\/\/innocentiemangonipiante.it\/es\/pyrus-calleryana-bradford\/","title":{"rendered":"PYRUS calleryana &#8216;Bradford&#8217;"},"content":{"rendered":"<p>Forma piramidal, m\u00e1s ancho como adulto. Hojas brillantes verde oscuro, que viran al rojo en oto\u00f1o. Adaptado a diversas condiciones de suelo, tanto secos como ligeramente alcalinos. Soporta la contaminaci\u00f3n y una cierta exposici\u00f3n costera.<\/p>\n","protected":false},"excerpt":{"rendered":"<p>Forma piramidal, m\u00e1s ancho como adulto. Hojas brillantes verde oscuro, que viran al rojo en oto\u00f1o. Adaptado a diversas condiciones de suelo, tanto secos como ligeramente alcalinos. Soporta la contaminaci\u00f3n y una cierta exposici\u00f3n costera.<\/p>\n","protected":false},"featured_media":59481,"template":"","meta":{"_acf_changed":false},"product_brand":[],"product_cat":[8814],"product_tag":[10899],"class_list":{"0":"post-16654","1":"product","2":"type-product","3":"status-publish","4":"has-post-thumbnail","6":"product_cat-arboles-y-arbustos-de-hoja-caduca","7":"product_tag-natural-es","8":"pa_altezza-massima-1000-es-2","9":"pa_altezza-massima-15-metros","10":"pa_colore-fioritura-blanco","11":"pa_famiglia-rosaceae-es","12":"pa_genere-pyrus-es","13":"pa_inquinamento-resistente-al-smog","14":"pa_origine-origine-delle-piante-u-s-a-es","15":"pa_periodo-fioritura-abril","16":"pa_periodo-fioritura-mayo","17":"pa_periodo-fruttificazione-octubre","18":"pa_portamento-arrotondato-es","19":"pa_resistenza-climatica-muy-elevada","20":"pa_resistenza-del-suolo-resistente-a-los-suelos-calcareos","21":"pa_resistenza-del-suolo-resistente-a-los-suelos-secos","22":"pa_salinita-resistente-alla-salsedine-es","23":"pa_utilizzo-avenidas","24":"pa_utilizzo-parques","25":"pa_utilizzo-pequenos-jardines","27":"first","28":"instock","29":"purchasable","30":"product-type-simple"},"acf":[],"_links":{"self":[{"href":"https:\/\/innocentiemangonipiante.it\/es\/wp-json\/wp\/v2\/product\/16654","targetHints":{"allow":["GET"]}}],"collection":[{"href":"https:\/\/innocentiemangonipiante.it\/es\/wp-json\/wp\/v2\/product"}],"about":[{"href":"https:\/\/innocentiemangonipiante.it\/es\/wp-json\/wp\/v2\/types\/product"}],"wp:featuredmedia":[{"embeddable":true,"href":"https:\/\/innocentiemangonipiante.it\/es\/wp-json\/wp\/v2\/media\/59481"}],"wp:attachment":[{"href":"https:\/\/innocentiemangonipiante.it\/es\/wp-json\/wp\/v2\/media?parent=16654"}],"wp:term":[{"taxonomy":"product_brand","embeddable":true,"href":"https:\/\/innocentiemangonipiante.it\/es\/wp-json\/wp\/v2\/product_brand?post=16654"},{"taxonomy":"product_cat","embeddable":true,"href":"https:\/\/innocentiemangonipiante.it\/es\/wp-json\/wp\/v2\/product_cat?post=16654"},{"taxonomy":"product_tag","embeddable":true,"href":"https:\/\/innocentiemangonipiante.it\/es\/wp-json\/wp\/v2\/product_tag?post=16654"}],"curies":[{"name":"wp","href":"https:\/\/api.w.org\/{rel}","templated":true}]}}