{"id":16656,"date":"2023-11-04T02:54:12","date_gmt":"2023-11-04T01:54:12","guid":{"rendered":"http:\/\/innocentiemangonipiante.it\/quercus-suber\/"},"modified":"2023-11-09T10:19:29","modified_gmt":"2023-11-09T09:19:29","slug":"quercus-suber","status":"publish","type":"product","link":"https:\/\/innocentiemangonipiante.it\/es\/quercus-suber\/","title":{"rendered":"QUERCUS suber"},"content":{"rendered":"<p>Grande \u00e1rbol perenne y de porte redondeado caracter\u00edstico por la espesa cortez corchosa. Las hojas ovadas-oblongas, dentadas y r\u00edgidas de color verde oscuro pueden llegar a 7 cm de largo. Teme la sombra y el hielo prolongado (-15\u00b0C). Adapto para utilizaci\u00f3n en solitario. Transplantar en abril-mayo.<\/p>\n","protected":false},"excerpt":{"rendered":"<p>Grande \u00e1rbol perenne y de porte redondeado caracter\u00edstico por la espesa cortez corchosa. Las hojas ovadas-oblongas, dentadas y r\u00edgidas de color verde oscuro pueden llegar a 7 cm de largo. Teme la sombra y el hielo prolongado (-15\u00b0C). Adapto para utilizaci\u00f3n en solitario. Transplantar en abril-mayo.<\/p>\n","protected":false},"featured_media":5249,"template":"","meta":{"_acf_changed":false},"product_brand":[],"product_cat":[8814],"product_tag":[10899,8566,8598,10903,8402,8426],"class_list":{"0":"post-16656","1":"product","2":"type-product","3":"status-publish","4":"has-post-thumbnail","6":"product_cat-arboles-y-arbustos-de-hoja-caduca","7":"product_tag-natural-es","8":"product_tag-medio-tallo","9":"product_tag-multitronco-es-2","10":"product_tag-recepado","11":"product_tag-tallo-alto","12":"product_tag-tronco-alto-espaldera","13":"pa_altezza-massima-15-metros","14":"pa_altezza-massima-20-metros","15":"pa_condizionamento-clt-es","16":"pa_condizionamento-placa","17":"pa_condizionamento-vs-es","18":"pa_famiglia-fagaceae-es","19":"pa_genere-quercus-es","20":"pa_origine-europa-mediterranea","21":"pa_portamento-arrotondato-es","22":"pa_resistenza-climatica-media-elevada","23":"pa_resistenza-del-suolo-resistente-a-los-suelos-calcareos","24":"pa_resistenza-del-suolo-resistente-a-los-suelos-secos","25":"pa_utilizzo-parques","27":"first","28":"instock","29":"purchasable","30":"product-type-simple"},"acf":[],"_links":{"self":[{"href":"https:\/\/innocentiemangonipiante.it\/es\/wp-json\/wp\/v2\/product\/16656","targetHints":{"allow":["GET"]}}],"collection":[{"href":"https:\/\/innocentiemangonipiante.it\/es\/wp-json\/wp\/v2\/product"}],"about":[{"href":"https:\/\/innocentiemangonipiante.it\/es\/wp-json\/wp\/v2\/types\/product"}],"wp:featuredmedia":[{"embeddable":true,"href":"https:\/\/innocentiemangonipiante.it\/es\/wp-json\/wp\/v2\/media\/5249"}],"wp:attachment":[{"href":"https:\/\/innocentiemangonipiante.it\/es\/wp-json\/wp\/v2\/media?parent=16656"}],"wp:term":[{"taxonomy":"product_brand","embeddable":true,"href":"https:\/\/innocentiemangonipiante.it\/es\/wp-json\/wp\/v2\/product_brand?post=16656"},{"taxonomy":"product_cat","embeddable":true,"href":"https:\/\/innocentiemangonipiante.it\/es\/wp-json\/wp\/v2\/product_cat?post=16656"},{"taxonomy":"product_tag","embeddable":true,"href":"https:\/\/innocentiemangonipiante.it\/es\/wp-json\/wp\/v2\/product_tag?post=16656"}],"curies":[{"name":"wp","href":"https:\/\/api.w.org\/{rel}","templated":true}]}}