{"id":16659,"date":"2023-11-04T02:53:50","date_gmt":"2023-11-04T01:53:50","guid":{"rendered":"http:\/\/innocentiemangonipiante.it\/quercus-rubra\/"},"modified":"2023-11-09T10:18:52","modified_gmt":"2023-11-09T09:18:52","slug":"quercus-rubra","status":"publish","type":"product","link":"https:\/\/innocentiemangonipiante.it\/es\/quercus-rubra\/","title":{"rendered":"QUERCUS rubra"},"content":{"rendered":"<p>\u00c1rbol caduco, extendido, de crecimiento r\u00e1pido, con cortez lisa de color marr\u00f3n-gris oscuro. Las hojas el\u00edpticas, alternadas, de bordes entallados por lobos dentados y puntiagudos, cerdosos en el \u00e1pice, de color verde oscuro, vuelven al rojo-naranja y escarlata en oto\u00f1o.<\/p>\n","protected":false},"excerpt":{"rendered":"<p>\u00c1rbol caduco, extendido, de crecimiento r\u00e1pido, con cortez lisa de color marr\u00f3n-gris oscuro. Las hojas el\u00edpticas, alternadas, de bordes entallados por lobos dentados y puntiagudos, cerdosos en el \u00e1pice, de color verde oscuro, vuelven al rojo-naranja y escarlata en oto\u00f1o.<\/p>\n","protected":false},"featured_media":5231,"template":"","meta":{"_acf_changed":false},"product_brand":[],"product_cat":[8814],"product_tag":[10899,8598,8402],"class_list":{"0":"post-16659","1":"product","2":"type-product","3":"status-publish","4":"has-post-thumbnail","6":"product_cat-arboles-y-arbustos-de-hoja-caduca","7":"product_tag-natural-es","8":"product_tag-multitronco-es-2","9":"product_tag-tallo-alto","10":"pa_altezza-massima-20-metros","11":"pa_altezza-massima-25-metros","12":"pa_condizionamento-clt-es","13":"pa_condizionamento-placa","14":"pa_condizionamento-vs-es","15":"pa_famiglia-fagaceae-es","16":"pa_genere-quercus-es","17":"pa_inquinamento-resistente-al-smog","18":"pa_origine-origine-delle-piante-u-s-a-es","19":"pa_portamento-arrotondato-es","20":"pa_resistenza-climatica-muy-elevada","21":"pa_resistenza-del-suolo-resistente-a-los-suelos-calcareos","22":"pa_resistenza-del-suolo-resistente-a-los-suelos-secos","23":"pa_salinita-resistente-alla-salsedine-es","24":"pa_utilizzo-avenidas","25":"pa_utilizzo-parques","27":"first","28":"instock","29":"purchasable","30":"product-type-simple"},"acf":[],"_links":{"self":[{"href":"https:\/\/innocentiemangonipiante.it\/es\/wp-json\/wp\/v2\/product\/16659","targetHints":{"allow":["GET"]}}],"collection":[{"href":"https:\/\/innocentiemangonipiante.it\/es\/wp-json\/wp\/v2\/product"}],"about":[{"href":"https:\/\/innocentiemangonipiante.it\/es\/wp-json\/wp\/v2\/types\/product"}],"wp:featuredmedia":[{"embeddable":true,"href":"https:\/\/innocentiemangonipiante.it\/es\/wp-json\/wp\/v2\/media\/5231"}],"wp:attachment":[{"href":"https:\/\/innocentiemangonipiante.it\/es\/wp-json\/wp\/v2\/media?parent=16659"}],"wp:term":[{"taxonomy":"product_brand","embeddable":true,"href":"https:\/\/innocentiemangonipiante.it\/es\/wp-json\/wp\/v2\/product_brand?post=16659"},{"taxonomy":"product_cat","embeddable":true,"href":"https:\/\/innocentiemangonipiante.it\/es\/wp-json\/wp\/v2\/product_cat?post=16659"},{"taxonomy":"product_tag","embeddable":true,"href":"https:\/\/innocentiemangonipiante.it\/es\/wp-json\/wp\/v2\/product_tag?post=16659"}],"curies":[{"name":"wp","href":"https:\/\/api.w.org\/{rel}","templated":true}]}}