{"id":16661,"date":"2023-11-04T02:53:36","date_gmt":"2023-11-04T01:53:36","guid":{"rendered":"http:\/\/innocentiemangonipiante.it\/quercus-robur-regal-prince\/"},"modified":"2023-11-09T10:18:43","modified_gmt":"2023-11-09T09:18:43","slug":"quercus-robur-regal-prince","status":"publish","type":"product","link":"https:\/\/innocentiemangonipiante.it\/es\/quercus-robur-regal-prince\/","title":{"rendered":"QUERCUS robur &#8216;Regal Prince&#8217; \u00ae"},"content":{"rendered":"<p>Este moderno h\u00edbrido fastigiado, fruto del cruce entre Q. robur fastigiata y Q. bicolor, resulta \u00f3ptimo para todos tipos de suelos soporta tanto suelos \u00e1cidos como calc\u00e1reos, h\u00famedos y secos Tambi\u00e9n muestra una gran resistencia a las enfermedades y al oidio. Bella coloraci\u00f3n dorada en oto\u00f1o.<\/p>\n","protected":false},"excerpt":{"rendered":"<p>Este moderno h\u00edbrido fastigiado, fruto del cruce entre Q. robur fastigiata y Q. bicolor, resulta \u00f3ptimo para todos tipos de suelos soporta tanto suelos \u00e1cidos como calc\u00e1reos, h\u00famedos y secos Tambi\u00e9n muestra una gran resistencia a las enfermedades y al oidio. Bella coloraci\u00f3n dorada en oto\u00f1o.<\/p>\n","protected":false},"featured_media":5219,"template":"","meta":{"_acf_changed":false},"product_brand":[],"product_cat":[8814],"product_tag":[10899,8402],"class_list":{"0":"post-16661","1":"product","2":"type-product","3":"status-publish","4":"has-post-thumbnail","6":"product_cat-arboles-y-arbustos-de-hoja-caduca","7":"product_tag-natural-es","8":"product_tag-tallo-alto","9":"pa_altezza-massima-15-metros","10":"pa_altezza-massima-20-metros","11":"pa_condizionamento-clt-es","12":"pa_condizionamento-placa","13":"pa_famiglia-fagaceae-es","14":"pa_genere-quercus-es","15":"pa_origine-origine-delle-piante-u-s-a-es","16":"pa_portamento-de-columna-es","17":"pa_resistenza-climatica-muy-elevada","18":"pa_resistenza-del-suolo-resistente-a-la-humedad","19":"pa_resistenza-del-suolo-resistente-a-los-suelos-calcareos","20":"pa_resistenza-del-suolo-resistente-a-los-suelos-secos","21":"pa_salinita-resistente-alla-salsedine-es","22":"pa_utilizzo-avenidas","24":"first","25":"instock","26":"purchasable","27":"product-type-simple"},"acf":[],"_links":{"self":[{"href":"https:\/\/innocentiemangonipiante.it\/es\/wp-json\/wp\/v2\/product\/16661","targetHints":{"allow":["GET"]}}],"collection":[{"href":"https:\/\/innocentiemangonipiante.it\/es\/wp-json\/wp\/v2\/product"}],"about":[{"href":"https:\/\/innocentiemangonipiante.it\/es\/wp-json\/wp\/v2\/types\/product"}],"wp:featuredmedia":[{"embeddable":true,"href":"https:\/\/innocentiemangonipiante.it\/es\/wp-json\/wp\/v2\/media\/5219"}],"wp:attachment":[{"href":"https:\/\/innocentiemangonipiante.it\/es\/wp-json\/wp\/v2\/media?parent=16661"}],"wp:term":[{"taxonomy":"product_brand","embeddable":true,"href":"https:\/\/innocentiemangonipiante.it\/es\/wp-json\/wp\/v2\/product_brand?post=16661"},{"taxonomy":"product_cat","embeddable":true,"href":"https:\/\/innocentiemangonipiante.it\/es\/wp-json\/wp\/v2\/product_cat?post=16661"},{"taxonomy":"product_tag","embeddable":true,"href":"https:\/\/innocentiemangonipiante.it\/es\/wp-json\/wp\/v2\/product_tag?post=16661"}],"curies":[{"name":"wp","href":"https:\/\/api.w.org\/{rel}","templated":true}]}}