{"id":16667,"date":"2023-11-04T02:52:32","date_gmt":"2023-11-04T01:52:32","guid":{"rendered":"http:\/\/innocentiemangonipiante.it\/quercus-palustris-green-pillar\/"},"modified":"2023-11-09T10:18:00","modified_gmt":"2023-11-09T09:18:00","slug":"quercus-palustris-green-pillar","status":"publish","type":"product","link":"https:\/\/innocentiemangonipiante.it\/es\/quercus-palustris-green-pillar\/","title":{"rendered":"QUERCUS palustris &#8216;Green Pillar&#8217; \u00ae"},"content":{"rendered":"<p>Esta nueva selecci\u00f3n de Q. palustris de porte estrecho y fastigiado resulta ideal para su uso en \u00e1reas con espacio lateral reducido. Polivalente en su utilizaci\u00f3n gracias a su adaptabilidad a terrenos h\u00famedos o moderadamente secos, arcillosos \u00f3 arenosos, al viento y a la poluci\u00f3n. Extraordinario en oto\u00f1o por su intenso colorido rojo p\u00farpura.<\/p>\n","protected":false},"excerpt":{"rendered":"<p>Esta nueva selecci\u00f3n de Q. palustris de porte estrecho y fastigiado resulta ideal para su uso en \u00e1reas con espacio lateral reducido. Polivalente en su utilizaci\u00f3n gracias a su adaptabilidad a terrenos h\u00famedos o moderadamente secos, arcillosos \u00f3 arenosos, al viento y a la poluci\u00f3n. Extraordinario en oto\u00f1o por su intenso colorido rojo p\u00farpura.<\/p>\n","protected":false},"featured_media":5177,"template":"","meta":{"_acf_changed":false},"product_brand":[],"product_cat":[8814],"product_tag":[10899,8402],"class_list":{"0":"post-16667","1":"product","2":"type-product","3":"status-publish","4":"has-post-thumbnail","6":"product_cat-arboles-y-arbustos-de-hoja-caduca","7":"product_tag-natural-es","8":"product_tag-tallo-alto","9":"pa_altezza-massima-1000-es-2","10":"pa_altezza-massima-15-metros","11":"pa_condizionamento-clt-es","12":"pa_condizionamento-placa","13":"pa_famiglia-fagaceae-es","14":"pa_genere-quercus-es","15":"pa_inquinamento-resistente-al-smog","16":"pa_origine-origine-delle-piante-u-s-a-es","17":"pa_portamento-arrotondato-es","18":"pa_resistenza-climatica-muy-elevada","19":"pa_resistenza-del-suolo-resistente-a-los-suelos-calcareos","20":"pa_resistenza-del-suolo-resistente-a-los-suelos-secos","21":"pa_utilizzo-avenidas","22":"pa_utilizzo-parques","23":"pa_utilizzo-pequenos-jardines","25":"first","26":"instock","27":"purchasable","28":"product-type-simple"},"acf":[],"_links":{"self":[{"href":"https:\/\/innocentiemangonipiante.it\/es\/wp-json\/wp\/v2\/product\/16667","targetHints":{"allow":["GET"]}}],"collection":[{"href":"https:\/\/innocentiemangonipiante.it\/es\/wp-json\/wp\/v2\/product"}],"about":[{"href":"https:\/\/innocentiemangonipiante.it\/es\/wp-json\/wp\/v2\/types\/product"}],"wp:featuredmedia":[{"embeddable":true,"href":"https:\/\/innocentiemangonipiante.it\/es\/wp-json\/wp\/v2\/media\/5177"}],"wp:attachment":[{"href":"https:\/\/innocentiemangonipiante.it\/es\/wp-json\/wp\/v2\/media?parent=16667"}],"wp:term":[{"taxonomy":"product_brand","embeddable":true,"href":"https:\/\/innocentiemangonipiante.it\/es\/wp-json\/wp\/v2\/product_brand?post=16667"},{"taxonomy":"product_cat","embeddable":true,"href":"https:\/\/innocentiemangonipiante.it\/es\/wp-json\/wp\/v2\/product_cat?post=16667"},{"taxonomy":"product_tag","embeddable":true,"href":"https:\/\/innocentiemangonipiante.it\/es\/wp-json\/wp\/v2\/product_tag?post=16667"}],"curies":[{"name":"wp","href":"https:\/\/api.w.org\/{rel}","templated":true}]}}