{"id":16669,"date":"2023-11-04T02:52:18","date_gmt":"2023-11-04T01:52:18","guid":{"rendered":"http:\/\/innocentiemangonipiante.it\/quercus-palustris\/"},"modified":"2023-11-09T10:17:51","modified_gmt":"2023-11-09T09:17:51","slug":"quercus-palustris","status":"publish","type":"product","link":"https:\/\/innocentiemangonipiante.it\/es\/quercus-palustris\/","title":{"rendered":"QUERCUS palustris"},"content":{"rendered":"<p>\u00c1rbol caduco, anchamente c\u00f3nico, de crecimiento r\u00e1pido. Las hojas el\u00edpticas, lobadas, l\u00facidas, de verde medio a verde oscuro, son largas hasta 15 cm y llevan en copetes grandes de pelos en el axila de la veta de la foliaci\u00f3n inferior.<\/p>\n","protected":false},"excerpt":{"rendered":"<p>\u00c1rbol caduco, anchamente c\u00f3nico, de crecimiento r\u00e1pido. Las hojas el\u00edpticas, lobadas, l\u00facidas, de verde medio a verde oscuro, son largas hasta 15 cm y llevan en copetes grandes de pelos en el axila de la veta de la foliaci\u00f3n inferior.<\/p>\n","protected":false},"featured_media":5165,"template":"","meta":{"_acf_changed":false},"product_brand":[],"product_cat":[8814],"product_tag":[10899,8402],"class_list":{"0":"post-16669","1":"product","2":"type-product","3":"status-publish","4":"has-post-thumbnail","6":"product_cat-arboles-y-arbustos-de-hoja-caduca","7":"product_tag-natural-es","8":"product_tag-tallo-alto","9":"pa_altezza-massima-20-metros","10":"pa_altezza-massima-25-metros","11":"pa_condizionamento-clt-es","12":"pa_condizionamento-placa","13":"pa_famiglia-fagaceae-es","14":"pa_genere-quercus-es","15":"pa_inquinamento-resistente-al-smog","16":"pa_origine-origine-delle-piante-u-s-a-es","17":"pa_periodo-fioritura-mayo","18":"pa_portamento-piramidale-es","19":"pa_resistenza-climatica-muy-elevada","20":"pa_resistenza-del-suolo-resistente-a-los-suelos-calcareos","21":"pa_resistenza-del-suolo-resistente-a-los-suelos-secos","22":"pa_utilizzo-avenidas","23":"pa_utilizzo-parques","25":"first","26":"instock","27":"purchasable","28":"product-type-simple"},"acf":[],"_links":{"self":[{"href":"https:\/\/innocentiemangonipiante.it\/es\/wp-json\/wp\/v2\/product\/16669","targetHints":{"allow":["GET"]}}],"collection":[{"href":"https:\/\/innocentiemangonipiante.it\/es\/wp-json\/wp\/v2\/product"}],"about":[{"href":"https:\/\/innocentiemangonipiante.it\/es\/wp-json\/wp\/v2\/types\/product"}],"wp:featuredmedia":[{"embeddable":true,"href":"https:\/\/innocentiemangonipiante.it\/es\/wp-json\/wp\/v2\/media\/5165"}],"wp:attachment":[{"href":"https:\/\/innocentiemangonipiante.it\/es\/wp-json\/wp\/v2\/media?parent=16669"}],"wp:term":[{"taxonomy":"product_brand","embeddable":true,"href":"https:\/\/innocentiemangonipiante.it\/es\/wp-json\/wp\/v2\/product_brand?post=16669"},{"taxonomy":"product_cat","embeddable":true,"href":"https:\/\/innocentiemangonipiante.it\/es\/wp-json\/wp\/v2\/product_cat?post=16669"},{"taxonomy":"product_tag","embeddable":true,"href":"https:\/\/innocentiemangonipiante.it\/es\/wp-json\/wp\/v2\/product_tag?post=16669"}],"curies":[{"name":"wp","href":"https:\/\/api.w.org\/{rel}","templated":true}]}}