{"id":16672,"date":"2023-11-04T02:51:48","date_gmt":"2023-11-04T01:51:48","guid":{"rendered":"http:\/\/innocentiemangonipiante.it\/quercus-imbricaria\/"},"modified":"2023-11-09T10:17:32","modified_gmt":"2023-11-09T09:17:32","slug":"quercus-imbricaria","status":"publish","type":"product","link":"https:\/\/innocentiemangonipiante.it\/es\/quercus-imbricaria\/","title":{"rendered":"QUERCUS imbricaria"},"content":{"rendered":"<p>Gran roble de hoja perenne con copa redondeada y hojas brillantes de color verde oscuro. Corteza \u00e1spera, incluso sujetos j\u00f3venes. Soporta suelos calc\u00e1reos.<\/p>\n","protected":false},"excerpt":{"rendered":"<p>Gran roble de hoja perenne con copa redondeada y hojas brillantes de color verde oscuro. Corteza \u00e1spera, incluso sujetos j\u00f3venes. Soporta suelos calc\u00e1reos.<\/p>\n","protected":false},"featured_media":5152,"template":"","meta":{"_acf_changed":false},"product_brand":[],"product_cat":[8814],"product_tag":[10899,8402],"class_list":{"0":"post-16672","1":"product","2":"type-product","3":"status-publish","4":"has-post-thumbnail","6":"product_cat-arboles-y-arbustos-de-hoja-caduca","7":"product_tag-natural-es","8":"product_tag-tallo-alto","9":"pa_altezza-massima-15-metros","10":"pa_altezza-massima-20-metros","11":"pa_colore-fioritura-amarillo","12":"pa_condizionamento-clt-es","13":"pa_condizionamento-placa","14":"pa_famiglia-fagaceae-es","15":"pa_genere-quercus-es","16":"pa_origine-origine-delle-piante-u-s-a-es","17":"pa_periodo-fioritura-mayo","18":"pa_portamento-arrotondato-es","19":"pa_resistenza-climatica-media-elevada","20":"pa_resistenza-del-suolo-resistente-a-los-suelos-calcareos","21":"pa_resistenza-del-suolo-resistente-a-los-suelos-secos","22":"pa_utilizzo-parques","24":"first","25":"instock","26":"purchasable","27":"product-type-simple"},"acf":[],"_links":{"self":[{"href":"https:\/\/innocentiemangonipiante.it\/es\/wp-json\/wp\/v2\/product\/16672","targetHints":{"allow":["GET"]}}],"collection":[{"href":"https:\/\/innocentiemangonipiante.it\/es\/wp-json\/wp\/v2\/product"}],"about":[{"href":"https:\/\/innocentiemangonipiante.it\/es\/wp-json\/wp\/v2\/types\/product"}],"wp:featuredmedia":[{"embeddable":true,"href":"https:\/\/innocentiemangonipiante.it\/es\/wp-json\/wp\/v2\/media\/5152"}],"wp:attachment":[{"href":"https:\/\/innocentiemangonipiante.it\/es\/wp-json\/wp\/v2\/media?parent=16672"}],"wp:term":[{"taxonomy":"product_brand","embeddable":true,"href":"https:\/\/innocentiemangonipiante.it\/es\/wp-json\/wp\/v2\/product_brand?post=16672"},{"taxonomy":"product_cat","embeddable":true,"href":"https:\/\/innocentiemangonipiante.it\/es\/wp-json\/wp\/v2\/product_cat?post=16672"},{"taxonomy":"product_tag","embeddable":true,"href":"https:\/\/innocentiemangonipiante.it\/es\/wp-json\/wp\/v2\/product_tag?post=16672"}],"curies":[{"name":"wp","href":"https:\/\/api.w.org\/{rel}","templated":true}]}}