{"id":16674,"date":"2023-11-04T02:51:12","date_gmt":"2023-11-04T01:51:12","guid":{"rendered":"http:\/\/innocentiemangonipiante.it\/quercus-ilex\/"},"modified":"2023-11-09T10:16:59","modified_gmt":"2023-11-09T09:16:59","slug":"quercus-ilex","status":"publish","type":"product","link":"https:\/\/innocentiemangonipiante.it\/es\/quercus-ilex\/","title":{"rendered":"QUERCUS ilex"},"content":{"rendered":"<p>\u00c1rbol perennifolio de porte redondeado, con corteza de color gris oscuro y hojas oblongas-ovadas, l\u00facidas, dentadas, de color verde oscuro, m\u00e1s claras en el env\u00e9s inferior. Necesita de exposici\u00f3n ensoleillada, teme la sombra y el hielo prolongado (-20\u00b0C). Resistente a la sequ\u00eda.<\/p>\n","protected":false},"excerpt":{"rendered":"<p>\u00c1rbol perennifolio de porte redondeado, con corteza de color gris oscuro y hojas oblongas-ovadas, l\u00facidas, dentadas, de color verde oscuro, m\u00e1s claras en el env\u00e9s inferior. Necesita de exposici\u00f3n ensoleillada, teme la sombra y el hielo prolongado (-20\u00b0C). Resistente a la sequ\u00eda.<\/p>\n","protected":false},"featured_media":5146,"template":"","meta":{"_acf_changed":false},"product_brand":[],"product_cat":[8814,9232],"product_tag":[10899,8752,8706,8537,8545,8566,8574,8598,8500,8402,8406,8410,8414,8422,8426],"class_list":{"0":"post-16674","1":"product","2":"type-product","3":"status-publish","4":"has-post-thumbnail","6":"product_cat-arboles-y-arbustos-de-hoja-caduca","7":"product_cat-arboles-y-plantas-del-futuro","8":"product_tag-natural-es","9":"product_tag-atras","10":"product_tag-bola","11":"product_tag-cono-es","12":"product_tag-ejemplar","13":"product_tag-medio-tallo","14":"product_tag-medio-tallo-esfera","15":"product_tag-multitronco-es-2","16":"product_tag-multitronco-con-copa-sombrilla","17":"product_tag-tallo-alto","18":"product_tag-tronco-alto-cilindro","19":"product_tag-tronco-alto-cono","20":"product_tag-tronco-alto-cubo","21":"product_tag-tronco-alto-esfera","22":"product_tag-tronco-alto-espaldera","23":"pa_altezza-massima-20-metros","24":"pa_altezza-massima-30-metros","25":"pa_colore-fioritura-amarillo","26":"pa_condizionamento-clt-es","27":"pa_condizionamento-jarron-decorativo","28":"pa_condizionamento-vs-es","29":"pa_famiglia-fagaceae-es","30":"pa_genere-quercus-es","31":"pa_origine-sur-de-europa-es","32":"pa_periodo-fioritura-abril","33":"pa_portamento-arrotondato-es","34":"pa_resistenza-climatica-media-elevada","35":"pa_resistenza-del-suolo-resistente-a-los-suelos-calcareos","36":"pa_resistenza-del-suolo-resistente-a-los-suelos-secos","37":"pa_salinita-resistente-alla-salsedine-es","38":"pa_utilizzo-parques","40":"first","41":"instock","42":"purchasable","43":"product-type-simple"},"acf":[],"_links":{"self":[{"href":"https:\/\/innocentiemangonipiante.it\/es\/wp-json\/wp\/v2\/product\/16674","targetHints":{"allow":["GET"]}}],"collection":[{"href":"https:\/\/innocentiemangonipiante.it\/es\/wp-json\/wp\/v2\/product"}],"about":[{"href":"https:\/\/innocentiemangonipiante.it\/es\/wp-json\/wp\/v2\/types\/product"}],"wp:featuredmedia":[{"embeddable":true,"href":"https:\/\/innocentiemangonipiante.it\/es\/wp-json\/wp\/v2\/media\/5146"}],"wp:attachment":[{"href":"https:\/\/innocentiemangonipiante.it\/es\/wp-json\/wp\/v2\/media?parent=16674"}],"wp:term":[{"taxonomy":"product_brand","embeddable":true,"href":"https:\/\/innocentiemangonipiante.it\/es\/wp-json\/wp\/v2\/product_brand?post=16674"},{"taxonomy":"product_cat","embeddable":true,"href":"https:\/\/innocentiemangonipiante.it\/es\/wp-json\/wp\/v2\/product_cat?post=16674"},{"taxonomy":"product_tag","embeddable":true,"href":"https:\/\/innocentiemangonipiante.it\/es\/wp-json\/wp\/v2\/product_tag?post=16674"}],"curies":[{"name":"wp","href":"https:\/\/api.w.org\/{rel}","templated":true}]}}