{"id":16677,"date":"2023-11-04T02:50:51","date_gmt":"2023-11-04T01:50:51","guid":{"rendered":"http:\/\/innocentiemangonipiante.it\/quercus-frainetto\/"},"modified":"2023-11-09T10:16:23","modified_gmt":"2023-11-09T09:16:23","slug":"quercus-frainetto","status":"publish","type":"product","link":"https:\/\/innocentiemangonipiante.it\/es\/quercus-frainetto\/","title":{"rendered":"QUERCUS frainetto"},"content":{"rendered":"<p>\u00c1rbol caduco de crecimiento r\u00e1pido con porte extendido. Las hojas de color verde oscuro son de ovadas a redondeadas hasta 20 cm de largo, se ti\u00f1en de amarillo en el oto\u00f1o.<\/p>\n","protected":false},"excerpt":{"rendered":"<p>\u00c1rbol caduco de crecimiento r\u00e1pido con porte extendido. Las hojas de color verde oscuro son de ovadas a redondeadas hasta 20 cm de largo, se ti\u00f1en de amarillo en el oto\u00f1o.<\/p>\n","protected":false},"featured_media":5139,"template":"","meta":{"_acf_changed":false},"product_brand":[],"product_cat":[8814,9232],"product_tag":[10899,8402],"class_list":{"0":"post-16677","1":"product","2":"type-product","3":"status-publish","4":"has-post-thumbnail","6":"product_cat-arboles-y-arbustos-de-hoja-caduca","7":"product_cat-arboles-y-plantas-del-futuro","8":"product_tag-natural-es","9":"product_tag-tallo-alto","10":"pa_altezza-massima-20-metros","11":"pa_altezza-massima-30-metros","12":"pa_condizionamento-clt-es","13":"pa_condizionamento-placa","14":"pa_famiglia-fagaceae-es","15":"pa_genere-quercus-es","16":"pa_origine-europa-central","17":"pa_portamento-arrotondato-es","18":"pa_resistenza-climatica-muy-elevada","19":"pa_resistenza-del-suolo-resistente-a-los-suelos-calcareos","20":"pa_resistenza-del-suolo-resistente-a-los-suelos-secos","21":"pa_utilizzo-avenidas","22":"pa_utilizzo-parques","24":"first","25":"instock","26":"purchasable","27":"product-type-simple"},"acf":[],"_links":{"self":[{"href":"https:\/\/innocentiemangonipiante.it\/es\/wp-json\/wp\/v2\/product\/16677","targetHints":{"allow":["GET"]}}],"collection":[{"href":"https:\/\/innocentiemangonipiante.it\/es\/wp-json\/wp\/v2\/product"}],"about":[{"href":"https:\/\/innocentiemangonipiante.it\/es\/wp-json\/wp\/v2\/types\/product"}],"wp:featuredmedia":[{"embeddable":true,"href":"https:\/\/innocentiemangonipiante.it\/es\/wp-json\/wp\/v2\/media\/5139"}],"wp:attachment":[{"href":"https:\/\/innocentiemangonipiante.it\/es\/wp-json\/wp\/v2\/media?parent=16677"}],"wp:term":[{"taxonomy":"product_brand","embeddable":true,"href":"https:\/\/innocentiemangonipiante.it\/es\/wp-json\/wp\/v2\/product_brand?post=16677"},{"taxonomy":"product_cat","embeddable":true,"href":"https:\/\/innocentiemangonipiante.it\/es\/wp-json\/wp\/v2\/product_cat?post=16677"},{"taxonomy":"product_tag","embeddable":true,"href":"https:\/\/innocentiemangonipiante.it\/es\/wp-json\/wp\/v2\/product_tag?post=16677"}],"curies":[{"name":"wp","href":"https:\/\/api.w.org\/{rel}","templated":true}]}}