{"id":16678,"date":"2023-11-04T02:54:35","date_gmt":"2023-11-04T01:54:35","guid":{"rendered":"http:\/\/innocentiemangonipiante.it\/quercus-x-crimson-spire\/"},"modified":"2023-11-09T10:19:48","modified_gmt":"2023-11-09T09:19:48","slug":"quercus-x-crimson-spire","status":"publish","type":"product","link":"https:\/\/innocentiemangonipiante.it\/es\/quercus-x-crimson-spire\/","title":{"rendered":"QUERCUS x &#8216;Crimson Spire&#8217;"},"content":{"rendered":"<p>Magn\u00edfico ejemplar de reciente introducci\u00f3n. Estrechamente columnar, intenso color oto\u00f1al que va del naranja al rojo y p\u00farpura. Ideal para jardines formales y paisajes naturales.<\/p>\n","protected":false},"excerpt":{"rendered":"<p>Magn\u00edfico ejemplar de reciente introducci\u00f3n. Estrechamente columnar, intenso color oto\u00f1al que va del naranja al rojo y p\u00farpura. Ideal para jardines formales y paisajes naturales.<\/p>\n","protected":false},"featured_media":5255,"template":"","meta":{"_acf_changed":false},"product_brand":[],"product_cat":[8814],"product_tag":[10899,8402],"class_list":{"0":"post-16678","1":"product","2":"type-product","3":"status-publish","4":"has-post-thumbnail","6":"product_cat-arboles-y-arbustos-de-hoja-caduca","7":"product_tag-natural-es","8":"product_tag-tallo-alto","9":"pa_altezza-massima-1000-es-2","10":"pa_altezza-massima-15-metros","11":"pa_condizionamento-clt-es","12":"pa_condizionamento-placa","13":"pa_famiglia-fagaceae-es","14":"pa_genere-quercus-es","15":"pa_origine-origine-delle-piante-u-s-a-es","16":"pa_portamento-de-columna-es","17":"pa_resistenza-climatica-muy-elevada","18":"pa_resistenza-del-suolo-resistente-a-los-suelos-calcareos","19":"pa_resistenza-del-suolo-resistente-a-los-suelos-pobres","20":"pa_resistenza-del-suolo-resistente-a-los-suelos-secos","21":"pa_salinita-resistente-alla-salsedine-es","22":"pa_utilizzo-parques","23":"pa_utilizzo-pequenos-jardines","25":"first","26":"instock","27":"purchasable","28":"product-type-simple"},"acf":[],"_links":{"self":[{"href":"https:\/\/innocentiemangonipiante.it\/es\/wp-json\/wp\/v2\/product\/16678","targetHints":{"allow":["GET"]}}],"collection":[{"href":"https:\/\/innocentiemangonipiante.it\/es\/wp-json\/wp\/v2\/product"}],"about":[{"href":"https:\/\/innocentiemangonipiante.it\/es\/wp-json\/wp\/v2\/types\/product"}],"wp:featuredmedia":[{"embeddable":true,"href":"https:\/\/innocentiemangonipiante.it\/es\/wp-json\/wp\/v2\/media\/5255"}],"wp:attachment":[{"href":"https:\/\/innocentiemangonipiante.it\/es\/wp-json\/wp\/v2\/media?parent=16678"}],"wp:term":[{"taxonomy":"product_brand","embeddable":true,"href":"https:\/\/innocentiemangonipiante.it\/es\/wp-json\/wp\/v2\/product_brand?post=16678"},{"taxonomy":"product_cat","embeddable":true,"href":"https:\/\/innocentiemangonipiante.it\/es\/wp-json\/wp\/v2\/product_cat?post=16678"},{"taxonomy":"product_tag","embeddable":true,"href":"https:\/\/innocentiemangonipiante.it\/es\/wp-json\/wp\/v2\/product_tag?post=16678"}],"curies":[{"name":"wp","href":"https:\/\/api.w.org\/{rel}","templated":true}]}}