{"id":16681,"date":"2023-11-04T02:50:16","date_gmt":"2023-11-04T01:50:16","guid":{"rendered":"http:\/\/innocentiemangonipiante.it\/quercus-cerris\/"},"modified":"2023-11-09T10:16:00","modified_gmt":"2023-11-09T09:16:00","slug":"quercus-cerris","status":"publish","type":"product","link":"https:\/\/innocentiemangonipiante.it\/es\/quercus-cerris\/","title":{"rendered":"QUERCUS cerris"},"content":{"rendered":"<p>Grande \u00e1rbol caduco de crecimiento r\u00e1pido y de porte extendido. Corteza de color gris claro. Hojas oblongas-el\u00edpticas, profundamente lobadas, largas hasta 12 cm, de color verde oscuro y verde claro en el env\u00e9s inferior. Coloraci\u00f3n amarillo-marr\u00f3n en oto\u00f1o.<\/p>\n","protected":false},"excerpt":{"rendered":"<p>Grande \u00e1rbol caduco de crecimiento r\u00e1pido y de porte extendido. Corteza de color gris claro. Hojas oblongas-el\u00edpticas, profundamente lobadas, largas hasta 12 cm, de color verde oscuro y verde claro en el env\u00e9s inferior. Coloraci\u00f3n amarillo-marr\u00f3n en oto\u00f1o.<\/p>\n","protected":false},"featured_media":5119,"template":"","meta":{"_acf_changed":false},"product_brand":[],"product_cat":[8814],"product_tag":[10899,8598,8402],"class_list":{"0":"post-16681","1":"product","2":"type-product","3":"status-publish","4":"has-post-thumbnail","6":"product_cat-arboles-y-arbustos-de-hoja-caduca","7":"product_tag-natural-es","8":"product_tag-multitronco-es-2","9":"product_tag-tallo-alto","10":"pa_altezza-massima-20-metros","11":"pa_altezza-massima-30-metros","12":"pa_condizionamento-clt-es","13":"pa_condizionamento-placa","14":"pa_condizionamento-vs-es","15":"pa_famiglia-fagaceae-es","16":"pa_genere-quercus-es","17":"pa_origine-europe-es","18":"pa_portamento-piramidale-es","19":"pa_resistenza-climatica-muy-elevada","20":"pa_resistenza-del-suolo-resistente-a-los-suelos-calcareos","21":"pa_resistenza-del-suolo-resistente-a-los-suelos-secos","22":"pa_salinita-resistente-alla-salsedine-es","23":"pa_utilizzo-avenidas","24":"pa_utilizzo-parques","26":"first","27":"instock","28":"purchasable","29":"product-type-simple"},"acf":[],"_links":{"self":[{"href":"https:\/\/innocentiemangonipiante.it\/es\/wp-json\/wp\/v2\/product\/16681","targetHints":{"allow":["GET"]}}],"collection":[{"href":"https:\/\/innocentiemangonipiante.it\/es\/wp-json\/wp\/v2\/product"}],"about":[{"href":"https:\/\/innocentiemangonipiante.it\/es\/wp-json\/wp\/v2\/types\/product"}],"wp:featuredmedia":[{"embeddable":true,"href":"https:\/\/innocentiemangonipiante.it\/es\/wp-json\/wp\/v2\/media\/5119"}],"wp:attachment":[{"href":"https:\/\/innocentiemangonipiante.it\/es\/wp-json\/wp\/v2\/media?parent=16681"}],"wp:term":[{"taxonomy":"product_brand","embeddable":true,"href":"https:\/\/innocentiemangonipiante.it\/es\/wp-json\/wp\/v2\/product_brand?post=16681"},{"taxonomy":"product_cat","embeddable":true,"href":"https:\/\/innocentiemangonipiante.it\/es\/wp-json\/wp\/v2\/product_cat?post=16681"},{"taxonomy":"product_tag","embeddable":true,"href":"https:\/\/innocentiemangonipiante.it\/es\/wp-json\/wp\/v2\/product_tag?post=16681"}],"curies":[{"name":"wp","href":"https:\/\/api.w.org\/{rel}","templated":true}]}}