{"id":16684,"date":"2023-11-04T02:50:00","date_gmt":"2023-11-04T01:50:00","guid":{"rendered":"http:\/\/innocentiemangonipiante.it\/quercus-bicolor\/"},"modified":"2023-11-09T10:15:51","modified_gmt":"2023-11-09T09:15:51","slug":"quercus-bicolor","status":"publish","type":"product","link":"https:\/\/innocentiemangonipiante.it\/es\/quercus-bicolor\/","title":{"rendered":"QUERCUS bicolor"},"content":{"rendered":"<p>Hojas brillantes verde oscuro en el haz y blanco plateado en el env\u00e9s, con l\u00f3bulos redondeados. Bello color oto\u00f1al amarillo y p\u00farpura.<\/p>\n","protected":false},"excerpt":{"rendered":"<p>Hojas brillantes verde oscuro en el haz y blanco plateado en el env\u00e9s, con l\u00f3bulos redondeados. Bello color oto\u00f1al amarillo y p\u00farpura.<\/p>\n","protected":false},"featured_media":5112,"template":"","meta":{"_acf_changed":false},"product_brand":[],"product_cat":[8814],"product_tag":[10899,8402],"class_list":{"0":"post-16684","1":"product","2":"type-product","3":"status-publish","4":"has-post-thumbnail","6":"product_cat-arboles-y-arbustos-de-hoja-caduca","7":"product_tag-natural-es","8":"product_tag-tallo-alto","9":"pa_altezza-massima-20-metros","10":"pa_altezza-massima-25-metros","11":"pa_colore-fioritura-amarillo","12":"pa_condizionamento-placa","13":"pa_famiglia-fagaceae-es","14":"pa_genere-quercus-es","15":"pa_origine-origine-delle-piante-u-s-a-es","16":"pa_periodo-fioritura-abril","17":"pa_portamento-arrotondato-es","18":"pa_resistenza-climatica-muy-elevada","19":"pa_resistenza-del-suolo-resistente-a-la-humedad","20":"pa_resistenza-del-suolo-resistente-a-los-suelos-calcareos","21":"pa_resistenza-del-suolo-resistente-a-los-suelos-secos","22":"pa_utilizzo-parques","24":"first","25":"instock","26":"purchasable","27":"product-type-simple"},"acf":[],"_links":{"self":[{"href":"https:\/\/innocentiemangonipiante.it\/es\/wp-json\/wp\/v2\/product\/16684","targetHints":{"allow":["GET"]}}],"collection":[{"href":"https:\/\/innocentiemangonipiante.it\/es\/wp-json\/wp\/v2\/product"}],"about":[{"href":"https:\/\/innocentiemangonipiante.it\/es\/wp-json\/wp\/v2\/types\/product"}],"wp:featuredmedia":[{"embeddable":true,"href":"https:\/\/innocentiemangonipiante.it\/es\/wp-json\/wp\/v2\/media\/5112"}],"wp:attachment":[{"href":"https:\/\/innocentiemangonipiante.it\/es\/wp-json\/wp\/v2\/media?parent=16684"}],"wp:term":[{"taxonomy":"product_brand","embeddable":true,"href":"https:\/\/innocentiemangonipiante.it\/es\/wp-json\/wp\/v2\/product_brand?post=16684"},{"taxonomy":"product_cat","embeddable":true,"href":"https:\/\/innocentiemangonipiante.it\/es\/wp-json\/wp\/v2\/product_cat?post=16684"},{"taxonomy":"product_tag","embeddable":true,"href":"https:\/\/innocentiemangonipiante.it\/es\/wp-json\/wp\/v2\/product_tag?post=16684"}],"curies":[{"name":"wp","href":"https:\/\/api.w.org\/{rel}","templated":true}]}}