{"id":16689,"date":"2023-11-04T02:55:23","date_gmt":"2023-11-04T01:55:23","guid":{"rendered":"http:\/\/innocentiemangonipiante.it\/rhaphiolepis-indica-springtime\/"},"modified":"2023-11-09T10:20:21","modified_gmt":"2023-11-09T09:20:21","slug":"rhaphiolepis-indica-springtime","status":"publish","type":"product","link":"https:\/\/innocentiemangonipiante.it\/es\/rhaphiolepis-indica-springtime\/","title":{"rendered":"RHAPHIOLEPIS indica &#8216;Springtime&#8217; \u00ae"},"content":{"rendered":"<p>Arbusto perennifolio de porte extendido. Las hojas son el\u00edpticas, dentadas, cori\u00e1ceas, l\u00facidas, de color verde oscuro. A principios de primavera florecen flores de color rosa t\u00e9nue, simples y perfumadas, en grupos peque\u00f1os de 15-25. Alcanza un ancho de 2,20-2,50 mt.<\/p>\n","protected":false},"excerpt":{"rendered":"<p>Arbusto perennifolio de porte extendido. Las hojas son el\u00edpticas, dentadas, cori\u00e1ceas, l\u00facidas, de color verde oscuro. A principios de primavera florecen flores de color rosa t\u00e9nue, simples y perfumadas, en grupos peque\u00f1os de 15-25. Alcanza un ancho de 2,20-2,50 mt.<\/p>\n","protected":false},"featured_media":5280,"template":"","meta":{"_acf_changed":false},"product_brand":[],"product_cat":[8815,9232],"product_tag":[10899,8566],"class_list":{"0":"post-16689","1":"product","2":"type-product","3":"status-publish","4":"has-post-thumbnail","6":"product_cat-arboles-y-arbustos-persistentes","7":"product_cat-arboles-y-plantas-del-futuro","8":"product_tag-natural-es","9":"product_tag-medio-tallo","10":"pa_altezza-massima-100-es","11":"pa_altezza-massima-150-es","12":"pa_colore-fioritura-rosado","13":"pa_condizionamento-clt-es","14":"pa_famiglia-rosaceae-es","15":"pa_genere-rhaphiolepis-es","16":"pa_origine-asia-oriental","17":"pa_periodo-fioritura-abril","18":"pa_portamento-arrotondato-es","19":"pa_profumo-delicato-es","20":"pa_resistenza-climatica-media","21":"pa_salinita-resistente-alla-salsedine-es","22":"pa_utilizzo-balcones","23":"pa_utilizzo-pequenos-jardines","24":"pa_utilizzo-setos","26":"first","27":"instock","28":"purchasable","29":"product-type-simple"},"acf":[],"_links":{"self":[{"href":"https:\/\/innocentiemangonipiante.it\/es\/wp-json\/wp\/v2\/product\/16689","targetHints":{"allow":["GET"]}}],"collection":[{"href":"https:\/\/innocentiemangonipiante.it\/es\/wp-json\/wp\/v2\/product"}],"about":[{"href":"https:\/\/innocentiemangonipiante.it\/es\/wp-json\/wp\/v2\/types\/product"}],"wp:featuredmedia":[{"embeddable":true,"href":"https:\/\/innocentiemangonipiante.it\/es\/wp-json\/wp\/v2\/media\/5280"}],"wp:attachment":[{"href":"https:\/\/innocentiemangonipiante.it\/es\/wp-json\/wp\/v2\/media?parent=16689"}],"wp:term":[{"taxonomy":"product_brand","embeddable":true,"href":"https:\/\/innocentiemangonipiante.it\/es\/wp-json\/wp\/v2\/product_brand?post=16689"},{"taxonomy":"product_cat","embeddable":true,"href":"https:\/\/innocentiemangonipiante.it\/es\/wp-json\/wp\/v2\/product_cat?post=16689"},{"taxonomy":"product_tag","embeddable":true,"href":"https:\/\/innocentiemangonipiante.it\/es\/wp-json\/wp\/v2\/product_tag?post=16689"}],"curies":[{"name":"wp","href":"https:\/\/api.w.org\/{rel}","templated":true}]}}