{"id":16691,"date":"2023-11-04T02:55:59","date_gmt":"2023-11-04T01:55:59","guid":{"rendered":"http:\/\/innocentiemangonipiante.it\/rhus-typhina-dissecta\/"},"modified":"2023-11-09T10:20:47","modified_gmt":"2023-11-09T09:20:47","slug":"rhus-typhina-dissecta","status":"publish","type":"product","link":"https:\/\/innocentiemangonipiante.it\/es\/rhus-typhina-dissecta\/","title":{"rendered":"RHUS typhina &#8216;Dissecta&#8217;"},"content":{"rendered":"<p>Arbusto caduco de porte anchado y irregular. Los troncos son fr\u00e1giles, de color marr\u00f3n claro, cubierto de pelusilla corta, espesa y r\u00edgida. Las hojas son pinnadas, de color verde que vuelve a amarillo- naranja-rojo en oto\u00f1o.<\/p>\n","protected":false},"excerpt":{"rendered":"<p>Arbusto caduco de porte anchado y irregular. Los troncos son fr\u00e1giles, de color marr\u00f3n claro, cubierto de pelusilla corta, espesa y r\u00edgida. Las hojas son pinnadas, de color verde que vuelve a amarillo- naranja-rojo en oto\u00f1o.<\/p>\n","protected":false},"featured_media":5304,"template":"","meta":{"_acf_changed":false},"product_brand":[],"product_cat":[8814],"product_tag":[10899],"class_list":{"0":"post-16691","1":"product","2":"type-product","3":"status-publish","4":"has-post-thumbnail","6":"product_cat-arboles-y-arbustos-de-hoja-caduca","7":"product_tag-natural-es","8":"pa_altezza-massima-400-es","9":"pa_altezza-massima-600-es","10":"pa_colore-fioritura-rojo","11":"pa_condizionamento-clt-es","12":"pa_famiglia-anacardiaceae-es-2","13":"pa_genere-rhus-es","14":"pa_inquinamento-resistente-al-smog","15":"pa_origine-origine-delle-piante-u-s-a-es","16":"pa_periodo-fioritura-julio","17":"pa_periodo-fioritura-junio","18":"pa_portamento-arrotondato-es","19":"pa_resistenza-climatica-media-elevada","20":"pa_utilizzo-balcones","21":"pa_utilizzo-pequenos-jardines","22":"pa_utilizzo-setos","24":"first","25":"instock","26":"purchasable","27":"product-type-simple"},"acf":[],"_links":{"self":[{"href":"https:\/\/innocentiemangonipiante.it\/es\/wp-json\/wp\/v2\/product\/16691","targetHints":{"allow":["GET"]}}],"collection":[{"href":"https:\/\/innocentiemangonipiante.it\/es\/wp-json\/wp\/v2\/product"}],"about":[{"href":"https:\/\/innocentiemangonipiante.it\/es\/wp-json\/wp\/v2\/types\/product"}],"wp:featuredmedia":[{"embeddable":true,"href":"https:\/\/innocentiemangonipiante.it\/es\/wp-json\/wp\/v2\/media\/5304"}],"wp:attachment":[{"href":"https:\/\/innocentiemangonipiante.it\/es\/wp-json\/wp\/v2\/media?parent=16691"}],"wp:term":[{"taxonomy":"product_brand","embeddable":true,"href":"https:\/\/innocentiemangonipiante.it\/es\/wp-json\/wp\/v2\/product_brand?post=16691"},{"taxonomy":"product_cat","embeddable":true,"href":"https:\/\/innocentiemangonipiante.it\/es\/wp-json\/wp\/v2\/product_cat?post=16691"},{"taxonomy":"product_tag","embeddable":true,"href":"https:\/\/innocentiemangonipiante.it\/es\/wp-json\/wp\/v2\/product_tag?post=16691"}],"curies":[{"name":"wp","href":"https:\/\/api.w.org\/{rel}","templated":true}]}}