{"id":16692,"date":"2023-11-04T02:55:52","date_gmt":"2023-11-04T01:55:52","guid":{"rendered":"http:\/\/innocentiemangonipiante.it\/rhus-typhina\/"},"modified":"2023-11-09T10:20:41","modified_gmt":"2023-11-09T09:20:41","slug":"rhus-typhina","status":"publish","type":"product","link":"https:\/\/innocentiemangonipiante.it\/es\/rhus-typhina\/","title":{"rendered":"RHUS typhina"},"content":{"rendered":"<p>Arbusto o \u00e1rbol caduco con hojas plumadas hasta 60 cm. de color verde medio que se vuelve rojo anaranjado brillante en el oto\u00f1o. En el verano produce flores amarillas en grandes espigas c\u00f3nicas erguidas.<\/p>\n","protected":false},"excerpt":{"rendered":"<p>Arbusto o \u00e1rbol caduco con hojas plumadas hasta 60 cm. de color verde medio que se vuelve rojo anaranjado brillante en el oto\u00f1o. En el verano produce flores amarillas en grandes espigas c\u00f3nicas erguidas.<\/p>\n","protected":false},"featured_media":5298,"template":"","meta":{"_acf_changed":false},"product_brand":[],"product_cat":[8814],"product_tag":[10899,8402],"class_list":{"0":"post-16692","1":"product","2":"type-product","3":"status-publish","4":"has-post-thumbnail","6":"product_cat-arboles-y-arbustos-de-hoja-caduca","7":"product_tag-natural-es","8":"product_tag-tallo-alto","9":"pa_altezza-massima-300-es","10":"pa_altezza-massima-500-es","11":"pa_colore-fioritura-amarillo","12":"pa_condizionamento-clt-es","13":"pa_famiglia-anacardiaceae-es-2","14":"pa_genere-rhus-es","15":"pa_inquinamento-resistente-al-smog","16":"pa_origine-origine-delle-piante-u-s-a-es","17":"pa_periodo-fioritura-agosto-es","18":"pa_periodo-fioritura-julio","19":"pa_portamento-arrotondato-es","20":"pa_resistenza-climatica-media-elevada","21":"pa_resistenza-del-suolo-resistente-a-los-suelos-calcareos","22":"pa_resistenza-del-suolo-resistente-a-los-suelos-secos","23":"pa_salinita-resistente-alla-salsedine-es","24":"pa_utilizzo-balcones","25":"pa_utilizzo-pequenos-jardines","26":"pa_utilizzo-setos","28":"first","29":"instock","30":"purchasable","31":"product-type-simple"},"acf":[],"_links":{"self":[{"href":"https:\/\/innocentiemangonipiante.it\/es\/wp-json\/wp\/v2\/product\/16692","targetHints":{"allow":["GET"]}}],"collection":[{"href":"https:\/\/innocentiemangonipiante.it\/es\/wp-json\/wp\/v2\/product"}],"about":[{"href":"https:\/\/innocentiemangonipiante.it\/es\/wp-json\/wp\/v2\/types\/product"}],"wp:featuredmedia":[{"embeddable":true,"href":"https:\/\/innocentiemangonipiante.it\/es\/wp-json\/wp\/v2\/media\/5298"}],"wp:attachment":[{"href":"https:\/\/innocentiemangonipiante.it\/es\/wp-json\/wp\/v2\/media?parent=16692"}],"wp:term":[{"taxonomy":"product_brand","embeddable":true,"href":"https:\/\/innocentiemangonipiante.it\/es\/wp-json\/wp\/v2\/product_brand?post=16692"},{"taxonomy":"product_cat","embeddable":true,"href":"https:\/\/innocentiemangonipiante.it\/es\/wp-json\/wp\/v2\/product_cat?post=16692"},{"taxonomy":"product_tag","embeddable":true,"href":"https:\/\/innocentiemangonipiante.it\/es\/wp-json\/wp\/v2\/product_tag?post=16692"}],"curies":[{"name":"wp","href":"https:\/\/api.w.org\/{rel}","templated":true}]}}