{"id":16694,"date":"2023-11-04T02:56:36","date_gmt":"2023-11-04T01:56:36","guid":{"rendered":"http:\/\/innocentiemangonipiante.it\/rhyncospermum-jasminoides\/"},"modified":"2023-11-09T10:21:15","modified_gmt":"2023-11-09T09:21:15","slug":"rhyncospermum-jasminoides","status":"publish","type":"product","link":"https:\/\/innocentiemangonipiante.it\/es\/rhyncospermum-jasminoides\/","title":{"rendered":"RHYNCOSPERMUM jasminoides"},"content":{"rendered":"<p>Arbusto trepador persistente y le\u00f1oso. Las hojas son ovales, l\u00facidas, de color verde oscuro m\u00e1s claro que el env\u00e9s inferior. De mayo hasta la fin de agosto florecen flores simples, de 5 p\u00e9talos, de color blanco puro, intensamente perfumadas.<\/p>\n","protected":false},"excerpt":{"rendered":"<p>Arbusto trepador persistente y le\u00f1oso. Las hojas son ovales, l\u00facidas, de color verde oscuro m\u00e1s claro que el env\u00e9s inferior. De mayo hasta la fin de agosto florecen flores simples, de 5 p\u00e9talos, de color blanco puro, intensamente perfumadas.<\/p>\n","protected":false},"featured_media":5311,"template":"","meta":{"_acf_changed":false},"product_brand":[],"product_cat":[8838,9232],"product_tag":[10899,13892,8454,8752,8434],"class_list":{"0":"post-16694","1":"product","2":"type-product","3":"status-publish","4":"has-post-thumbnail","6":"product_cat-enredaderas","7":"product_cat-arboles-y-plantas-del-futuro","8":"product_tag-natural-es","9":"product_tag-alto-tallo-sombrilla","10":"product_tag-arco-es","11":"product_tag-atras","12":"product_tag-techo-de-tronco-alto","13":"pa_altezza-massima-800-es","14":"pa_altezza-massima-1000-es-2","15":"pa_colore-fioritura-blanco","16":"pa_condizionamento-caja-de-madera","17":"pa_condizionamento-clt-es","18":"pa_condizionamento-florero-cuadrado","19":"pa_condizionamento-vs-es","20":"pa_famiglia-apocynaceae-es","21":"pa_genere-rhyncospermum-es","22":"pa_origine-asia-oriental","23":"pa_periodo-fioritura-agosto-es","24":"pa_periodo-fioritura-julio","25":"pa_periodo-fioritura-junio","26":"pa_periodo-fioritura-mayo","27":"pa_profumo-intenso-es","28":"pa_resistenza-climatica-media","29":"pa_salinita-resistente-alla-salsedine-es","30":"pa_utilizzo-balcones","31":"pa_utilizzo-parques","32":"pa_utilizzo-pequenos-jardines","34":"first","35":"instock","36":"purchasable","37":"product-type-simple"},"acf":[],"_links":{"self":[{"href":"https:\/\/innocentiemangonipiante.it\/es\/wp-json\/wp\/v2\/product\/16694","targetHints":{"allow":["GET"]}}],"collection":[{"href":"https:\/\/innocentiemangonipiante.it\/es\/wp-json\/wp\/v2\/product"}],"about":[{"href":"https:\/\/innocentiemangonipiante.it\/es\/wp-json\/wp\/v2\/types\/product"}],"wp:featuredmedia":[{"embeddable":true,"href":"https:\/\/innocentiemangonipiante.it\/es\/wp-json\/wp\/v2\/media\/5311"}],"wp:attachment":[{"href":"https:\/\/innocentiemangonipiante.it\/es\/wp-json\/wp\/v2\/media?parent=16694"}],"wp:term":[{"taxonomy":"product_brand","embeddable":true,"href":"https:\/\/innocentiemangonipiante.it\/es\/wp-json\/wp\/v2\/product_brand?post=16694"},{"taxonomy":"product_cat","embeddable":true,"href":"https:\/\/innocentiemangonipiante.it\/es\/wp-json\/wp\/v2\/product_cat?post=16694"},{"taxonomy":"product_tag","embeddable":true,"href":"https:\/\/innocentiemangonipiante.it\/es\/wp-json\/wp\/v2\/product_tag?post=16694"}],"curies":[{"name":"wp","href":"https:\/\/api.w.org\/{rel}","templated":true}]}}