{"id":16698,"date":"2023-11-04T02:57:43","date_gmt":"2023-11-04T01:57:43","guid":{"rendered":"http:\/\/innocentiemangonipiante.it\/robinia-pseudoacacia-monophylla\/"},"modified":"2023-11-09T10:22:25","modified_gmt":"2023-11-09T09:22:25","slug":"robinia-pseudoacacia-monophylla","status":"publish","type":"product","link":"https:\/\/innocentiemangonipiante.it\/es\/robinia-pseudoacacia-monophylla\/","title":{"rendered":"ROBINIA pseudoacacia &#8216;Monophylla&#8217;"},"content":{"rendered":"<p>Follaje compuesto para hojas singulas. Sin espinas. Crecimiento rapido. Bonita coloraci\u00f3n en oto\u00f1o. Muy adapta para alineaci\u00f3nes en sitios dif\u00edciles.<\/p>\n","protected":false},"excerpt":{"rendered":"<p>Follaje compuesto para hojas singulas. Sin espinas. Crecimiento rapido. Bonita coloraci\u00f3n en oto\u00f1o. Muy adapta para alineaci\u00f3nes en sitios dif\u00edciles.<\/p>\n","protected":false},"featured_media":5352,"template":"","meta":{"_acf_changed":false},"product_brand":[],"product_cat":[8814],"product_tag":[10899],"class_list":{"0":"post-16698","1":"product","2":"type-product","3":"status-publish","4":"has-post-thumbnail","6":"product_cat-arboles-y-arbustos-de-hoja-caduca","7":"product_tag-natural-es","8":"pa_altezza-massima-15-metros","9":"pa_altezza-massima-20-metros","10":"pa_colore-fioritura-blanco","11":"pa_famiglia-leguminosae-es","12":"pa_genere-robinia-es","13":"pa_inquinamento-resistente-al-smog","14":"pa_origine-europe-es","15":"pa_periodo-fioritura-junio","16":"pa_periodo-fioritura-mayo","17":"pa_portamento-arrotondato-es","18":"pa_profumo-intenso-es","19":"pa_resistenza-climatica-muy-elevada","20":"pa_resistenza-del-suolo-resistente-a-los-suelos-calcareos","21":"pa_resistenza-del-suolo-resistente-a-los-suelos-pobres","22":"pa_salinita-resistente-alla-salsedine-es","23":"pa_utilizzo-avenidas","24":"pa_utilizzo-parques","26":"first","27":"instock","28":"purchasable","29":"product-type-simple"},"acf":[],"_links":{"self":[{"href":"https:\/\/innocentiemangonipiante.it\/es\/wp-json\/wp\/v2\/product\/16698","targetHints":{"allow":["GET"]}}],"collection":[{"href":"https:\/\/innocentiemangonipiante.it\/es\/wp-json\/wp\/v2\/product"}],"about":[{"href":"https:\/\/innocentiemangonipiante.it\/es\/wp-json\/wp\/v2\/types\/product"}],"wp:featuredmedia":[{"embeddable":true,"href":"https:\/\/innocentiemangonipiante.it\/es\/wp-json\/wp\/v2\/media\/5352"}],"wp:attachment":[{"href":"https:\/\/innocentiemangonipiante.it\/es\/wp-json\/wp\/v2\/media?parent=16698"}],"wp:term":[{"taxonomy":"product_brand","embeddable":true,"href":"https:\/\/innocentiemangonipiante.it\/es\/wp-json\/wp\/v2\/product_brand?post=16698"},{"taxonomy":"product_cat","embeddable":true,"href":"https:\/\/innocentiemangonipiante.it\/es\/wp-json\/wp\/v2\/product_cat?post=16698"},{"taxonomy":"product_tag","embeddable":true,"href":"https:\/\/innocentiemangonipiante.it\/es\/wp-json\/wp\/v2\/product_tag?post=16698"}],"curies":[{"name":"wp","href":"https:\/\/api.w.org\/{rel}","templated":true}]}}