{"id":16700,"date":"2023-11-04T02:57:20","date_gmt":"2023-11-04T01:57:20","guid":{"rendered":"http:\/\/innocentiemangonipiante.it\/robinia-pseudoacacia-casque-rouge\/"},"modified":"2023-11-09T10:22:12","modified_gmt":"2023-11-09T09:22:12","slug":"robinia-pseudoacacia-casque-rouge","status":"publish","type":"product","link":"https:\/\/innocentiemangonipiante.it\/es\/robinia-pseudoacacia-casque-rouge\/","title":{"rendered":"ROBINIA pseudoacacia &#8216;Casque Rouge&#8217; \u00ae"},"content":{"rendered":"<p>\u00c1rbol de porte redondeado, con ramas j\u00f3venes cerdosas y hojas pinnadas, verde medio, largas hasta 20 cm, compuestas de 15-20 hojas peque\u00f1as ovadas. En mayo-junio produce flores perfumadas de color rosa p\u00farpura oscuro en racimos p\u00e9ndulos.<\/p>\n","protected":false},"excerpt":{"rendered":"<p>\u00c1rbol de porte redondeado, con ramas j\u00f3venes cerdosas y hojas pinnadas, verde medio, largas hasta 20 cm, compuestas de 15-20 hojas peque\u00f1as ovadas. En mayo-junio produce flores perfumadas de color rosa p\u00farpura oscuro en racimos p\u00e9ndulos.<\/p>\n","protected":false},"featured_media":5340,"template":"","meta":{"_acf_changed":false},"product_brand":[],"product_cat":[8814],"product_tag":[10899],"class_list":{"0":"post-16700","1":"product","2":"type-product","3":"status-publish","4":"has-post-thumbnail","6":"product_cat-arboles-y-arbustos-de-hoja-caduca","7":"product_tag-natural-es","8":"pa_altezza-massima-800-es","9":"pa_altezza-massima-1000-es-2","10":"pa_colore-fioritura-magenta-es","11":"pa_famiglia-leguminosae-es","12":"pa_genere-robinia-es","13":"pa_inquinamento-resistente-al-smog","14":"pa_origine-origine-delle-piante-u-s-a-es","15":"pa_periodo-fioritura-junio","16":"pa_periodo-fioritura-mayo","17":"pa_portamento-arrotondato-es","18":"pa_profumo-intenso-es","19":"pa_resistenza-climatica-muy-elevada","20":"pa_resistenza-del-suolo-resistente-a-los-suelos-calcareos","21":"pa_resistenza-del-suolo-resistente-a-los-suelos-pobres","22":"pa_salinita-resistente-alla-salsedine-es","23":"pa_utilizzo-avenidas","24":"pa_utilizzo-pequenos-jardines","26":"first","27":"instock","28":"purchasable","29":"product-type-simple"},"acf":[],"_links":{"self":[{"href":"https:\/\/innocentiemangonipiante.it\/es\/wp-json\/wp\/v2\/product\/16700","targetHints":{"allow":["GET"]}}],"collection":[{"href":"https:\/\/innocentiemangonipiante.it\/es\/wp-json\/wp\/v2\/product"}],"about":[{"href":"https:\/\/innocentiemangonipiante.it\/es\/wp-json\/wp\/v2\/types\/product"}],"wp:featuredmedia":[{"embeddable":true,"href":"https:\/\/innocentiemangonipiante.it\/es\/wp-json\/wp\/v2\/media\/5340"}],"wp:attachment":[{"href":"https:\/\/innocentiemangonipiante.it\/es\/wp-json\/wp\/v2\/media?parent=16700"}],"wp:term":[{"taxonomy":"product_brand","embeddable":true,"href":"https:\/\/innocentiemangonipiante.it\/es\/wp-json\/wp\/v2\/product_brand?post=16700"},{"taxonomy":"product_cat","embeddable":true,"href":"https:\/\/innocentiemangonipiante.it\/es\/wp-json\/wp\/v2\/product_cat?post=16700"},{"taxonomy":"product_tag","embeddable":true,"href":"https:\/\/innocentiemangonipiante.it\/es\/wp-json\/wp\/v2\/product_tag?post=16700"}],"curies":[{"name":"wp","href":"https:\/\/api.w.org\/{rel}","templated":true}]}}