{"id":16702,"date":"2023-11-04T02:57:14","date_gmt":"2023-11-04T01:57:14","guid":{"rendered":"http:\/\/innocentiemangonipiante.it\/robinia-pseudoacacia-bessoniana\/"},"modified":"2023-11-09T10:22:07","modified_gmt":"2023-11-09T09:22:07","slug":"robinia-pseudoacacia-bessoniana","status":"publish","type":"product","link":"https:\/\/innocentiemangonipiante.it\/es\/robinia-pseudoacacia-bessoniana\/","title":{"rendered":"ROBINIA pseudoacacia &#8216;Bessoniana&#8217;"},"content":{"rendered":"<p>Grande \u00e1rbol caduco de porte anchamente c\u00f3nico a principios y m\u00e1s redondeado en el per\u00edodo de envejecimiento. Las hojas alternadas, pinnadas, compuestas de 10-20 hojas peque\u00f1as el\u00edpticas de 3-4 cm de largo, de verde oscuro a verde que tira a azul, se desarrollan sobre ramas de color marr\u00f3n claro generalmente sin espinas.<\/p>\n","protected":false},"excerpt":{"rendered":"<p>Grande \u00e1rbol caduco de porte anchamente c\u00f3nico a principios y m\u00e1s redondeado en el per\u00edodo de envejecimiento. Las hojas alternadas, pinnadas, compuestas de 10-20 hojas peque\u00f1as el\u00edpticas de 3-4 cm de largo, de verde oscuro a verde que tira a azul, se desarrollan sobre ramas de color marr\u00f3n claro generalmente sin espinas.<\/p>\n","protected":false},"featured_media":5334,"template":"","meta":{"_acf_changed":false},"product_brand":[],"product_cat":[8814,9232],"product_tag":[10899],"class_list":{"0":"post-16702","1":"product","2":"type-product","3":"status-publish","4":"has-post-thumbnail","6":"product_cat-arboles-y-arbustos-de-hoja-caduca","7":"product_cat-arboles-y-plantas-del-futuro","8":"product_tag-natural-es","9":"pa_altezza-massima-800-es","10":"pa_altezza-massima-12-metros","11":"pa_colore-fioritura-rojo","12":"pa_famiglia-leguminosae-es","13":"pa_genere-robinia-es","14":"pa_inquinamento-resistente-al-smog","15":"pa_origine-origine-delle-piante-u-s-a-es","16":"pa_periodo-fioritura-julio","17":"pa_periodo-fioritura-junio","18":"pa_portamento-arrotondato-es","19":"pa_profumo-intenso-es","20":"pa_resistenza-climatica-muy-elevada","21":"pa_resistenza-del-suolo-resistente-a-los-suelos-calcareos","22":"pa_resistenza-del-suolo-resistente-a-los-suelos-pobres","23":"pa_salinita-resistente-alla-salsedine-es","24":"pa_utilizzo-avenidas","26":"first","27":"instock","28":"purchasable","29":"product-type-simple"},"acf":[],"_links":{"self":[{"href":"https:\/\/innocentiemangonipiante.it\/es\/wp-json\/wp\/v2\/product\/16702","targetHints":{"allow":["GET"]}}],"collection":[{"href":"https:\/\/innocentiemangonipiante.it\/es\/wp-json\/wp\/v2\/product"}],"about":[{"href":"https:\/\/innocentiemangonipiante.it\/es\/wp-json\/wp\/v2\/types\/product"}],"wp:featuredmedia":[{"embeddable":true,"href":"https:\/\/innocentiemangonipiante.it\/es\/wp-json\/wp\/v2\/media\/5334"}],"wp:attachment":[{"href":"https:\/\/innocentiemangonipiante.it\/es\/wp-json\/wp\/v2\/media?parent=16702"}],"wp:term":[{"taxonomy":"product_brand","embeddable":true,"href":"https:\/\/innocentiemangonipiante.it\/es\/wp-json\/wp\/v2\/product_brand?post=16702"},{"taxonomy":"product_cat","embeddable":true,"href":"https:\/\/innocentiemangonipiante.it\/es\/wp-json\/wp\/v2\/product_cat?post=16702"},{"taxonomy":"product_tag","embeddable":true,"href":"https:\/\/innocentiemangonipiante.it\/es\/wp-json\/wp\/v2\/product_tag?post=16702"}],"curies":[{"name":"wp","href":"https:\/\/api.w.org\/{rel}","templated":true}]}}