{"id":16704,"date":"2023-11-04T02:57:02","date_gmt":"2023-11-04T01:57:02","guid":{"rendered":"http:\/\/innocentiemangonipiante.it\/robinia-elliottii\/"},"modified":"2023-11-09T10:21:35","modified_gmt":"2023-11-09T09:21:35","slug":"robinia-elliottii","status":"publish","type":"product","link":"https:\/\/innocentiemangonipiante.it\/es\/robinia-elliottii\/","title":{"rendered":"ROBINIA elliottii"},"content":{"rendered":"<p>Arbusto caduco de porte erguido. Las hojas pinnadas son cubiertas de 9-13 hojas peque\u00f1as ovadas de color verde claro. En mayo-junio produce flores de color rosa vivo en racimos p\u00e9ndulos largos hasta 12 cm. Las ramas m\u00e1s j\u00f3venes son cubiertas de pelos sutiles cortos y r\u00edgidos de color marr\u00f3n-rojizo.<\/p>\n","protected":false},"excerpt":{"rendered":"<p>Arbusto caduco de porte erguido. Las hojas pinnadas son cubiertas de 9-13 hojas peque\u00f1as ovadas de color verde claro. En mayo-junio produce flores de color rosa vivo en racimos p\u00e9ndulos largos hasta 12 cm. Las ramas m\u00e1s j\u00f3venes son cubiertas de pelos sutiles cortos y r\u00edgidos de color marr\u00f3n-rojizo.<\/p>\n","protected":false},"featured_media":5317,"template":"","meta":{"_acf_changed":false},"product_brand":[],"product_cat":[8814],"product_tag":[10899,8402],"class_list":{"0":"post-16704","1":"product","2":"type-product","3":"status-publish","4":"has-post-thumbnail","6":"product_cat-arboles-y-arbustos-de-hoja-caduca","7":"product_tag-natural-es","8":"product_tag-tallo-alto","9":"pa_altezza-massima-300-es","10":"pa_altezza-massima-400-es","11":"pa_colore-fioritura-rosado","12":"pa_condizionamento-placa","13":"pa_famiglia-leguminosae-es","14":"pa_genere-robinia-es","15":"pa_inquinamento-resistente-al-smog","16":"pa_origine-origine-delle-piante-u-s-a-es","17":"pa_periodo-fioritura-junio","18":"pa_periodo-fioritura-mayo","19":"pa_portamento-eretto-es","20":"pa_profumo-intenso-es","21":"pa_resistenza-climatica-muy-elevada","22":"pa_resistenza-del-suolo-resistente-a-los-suelos-calcareos","23":"pa_resistenza-del-suolo-resistente-a-los-suelos-pobres","24":"pa_salinita-resistente-alla-salsedine-es","25":"pa_utilizzo-avenidas","26":"pa_utilizzo-pequenos-jardines","28":"first","29":"instock","30":"purchasable","31":"product-type-simple"},"acf":[],"_links":{"self":[{"href":"https:\/\/innocentiemangonipiante.it\/es\/wp-json\/wp\/v2\/product\/16704","targetHints":{"allow":["GET"]}}],"collection":[{"href":"https:\/\/innocentiemangonipiante.it\/es\/wp-json\/wp\/v2\/product"}],"about":[{"href":"https:\/\/innocentiemangonipiante.it\/es\/wp-json\/wp\/v2\/types\/product"}],"wp:featuredmedia":[{"embeddable":true,"href":"https:\/\/innocentiemangonipiante.it\/es\/wp-json\/wp\/v2\/media\/5317"}],"wp:attachment":[{"href":"https:\/\/innocentiemangonipiante.it\/es\/wp-json\/wp\/v2\/media?parent=16704"}],"wp:term":[{"taxonomy":"product_brand","embeddable":true,"href":"https:\/\/innocentiemangonipiante.it\/es\/wp-json\/wp\/v2\/product_brand?post=16704"},{"taxonomy":"product_cat","embeddable":true,"href":"https:\/\/innocentiemangonipiante.it\/es\/wp-json\/wp\/v2\/product_cat?post=16704"},{"taxonomy":"product_tag","embeddable":true,"href":"https:\/\/innocentiemangonipiante.it\/es\/wp-json\/wp\/v2\/product_tag?post=16704"}],"curies":[{"name":"wp","href":"https:\/\/api.w.org\/{rel}","templated":true}]}}