{"id":16709,"date":"2023-11-04T02:58:06","date_gmt":"2023-11-04T01:58:06","guid":{"rendered":"http:\/\/innocentiemangonipiante.it\/rosa-banksiae-alba-plena\/"},"modified":"2023-11-09T10:22:41","modified_gmt":"2023-11-09T09:22:41","slug":"rosa-banksiae-alba-plena","status":"publish","type":"product","link":"https:\/\/innocentiemangonipiante.it\/es\/rosa-banksiae-alba-plena\/","title":{"rendered":"ROSA banksiae &#8216;Alba Plena&#8217;"},"content":{"rendered":"<p>Rosa trepador con tallos largos y sutiles, sin espinas y con hojas peque\u00f1as, de verde a verde oscuro de forma el\u00edptica-oblonga-lanceolada. A finales de primavera produce ramilletes de flores blancas, dobles, perfumadas, de di\u00e1metro de 2,5 cm.<\/p>\n","protected":false},"excerpt":{"rendered":"<p>Rosa trepador con tallos largos y sutiles, sin espinas y con hojas peque\u00f1as, de verde a verde oscuro de forma el\u00edptica-oblonga-lanceolada. A finales de primavera produce ramilletes de flores blancas, dobles, perfumadas, de di\u00e1metro de 2,5 cm.<\/p>\n","protected":false},"featured_media":5366,"template":"","meta":{"_acf_changed":false},"product_brand":[],"product_cat":[9232,8312],"product_tag":[10899],"class_list":{"0":"post-16709","1":"product","2":"type-product","3":"status-publish","4":"has-post-thumbnail","6":"product_cat-arboles-y-plantas-del-futuro","7":"product_cat-sin-categoria","8":"product_tag-natural-es","9":"pa_altezza-massima-600-es","10":"pa_altezza-massima-900-es","11":"pa_colore-fioritura-blanco","12":"pa_condizionamento-clt-es","13":"pa_condizionamento-vs-es","14":"pa_famiglia-rosaceae-es","15":"pa_genere-rosa-es","16":"pa_origine-asia-es","17":"pa_periodo-fioritura-mayo","18":"pa_profumo-delicato-es","19":"pa_resistenza-climatica-media-elevada","20":"pa_resistenza-del-suolo-resistente-a-los-suelos-calcareos","21":"pa_salinita-resistente-alla-salsedine-es","22":"pa_utilizzo-balcones","23":"pa_utilizzo-parques","24":"pa_utilizzo-pequenos-jardines","26":"first","27":"instock","28":"purchasable","29":"product-type-simple"},"acf":[],"_links":{"self":[{"href":"https:\/\/innocentiemangonipiante.it\/es\/wp-json\/wp\/v2\/product\/16709","targetHints":{"allow":["GET"]}}],"collection":[{"href":"https:\/\/innocentiemangonipiante.it\/es\/wp-json\/wp\/v2\/product"}],"about":[{"href":"https:\/\/innocentiemangonipiante.it\/es\/wp-json\/wp\/v2\/types\/product"}],"wp:featuredmedia":[{"embeddable":true,"href":"https:\/\/innocentiemangonipiante.it\/es\/wp-json\/wp\/v2\/media\/5366"}],"wp:attachment":[{"href":"https:\/\/innocentiemangonipiante.it\/es\/wp-json\/wp\/v2\/media?parent=16709"}],"wp:term":[{"taxonomy":"product_brand","embeddable":true,"href":"https:\/\/innocentiemangonipiante.it\/es\/wp-json\/wp\/v2\/product_brand?post=16709"},{"taxonomy":"product_cat","embeddable":true,"href":"https:\/\/innocentiemangonipiante.it\/es\/wp-json\/wp\/v2\/product_cat?post=16709"},{"taxonomy":"product_tag","embeddable":true,"href":"https:\/\/innocentiemangonipiante.it\/es\/wp-json\/wp\/v2\/product_tag?post=16709"}],"curies":[{"name":"wp","href":"https:\/\/api.w.org\/{rel}","templated":true}]}}