{"id":16719,"date":"2023-11-04T03:01:08","date_gmt":"2023-11-04T02:01:08","guid":{"rendered":"http:\/\/innocentiemangonipiante.it\/salix-purpurea-nana\/"},"modified":"2023-11-09T10:25:16","modified_gmt":"2023-11-09T09:25:16","slug":"salix-purpurea-nana","status":"publish","type":"product","link":"https:\/\/innocentiemangonipiante.it\/es\/salix-purpurea-nana\/","title":{"rendered":"SALIX purpurea &#8216;Nana&#8217;"},"content":{"rendered":"<p>Sauce muy decorativo, compacto y redondeado. Alcanza 1,5 mt de altura. T\u00edpica coloraci\u00f3n p\u00farpura en el tronco.<\/p>\n","protected":false},"excerpt":{"rendered":"<p>Sauce muy decorativo, compacto y redondeado. Alcanza 1,5 mt de altura. T\u00edpica coloraci\u00f3n p\u00farpura en el tronco.<\/p>\n","protected":false},"featured_media":5465,"template":"","meta":{"_acf_changed":false},"product_brand":[],"product_cat":[8814],"product_tag":[10899],"class_list":{"0":"post-16719","1":"product","2":"type-product","3":"status-publish","4":"has-post-thumbnail","6":"product_cat-arboles-y-arbustos-de-hoja-caduca","7":"product_tag-natural-es","8":"pa_altezza-massima-150-es","9":"pa_altezza-massima-200-es","10":"pa_colore-fioritura-rojo","11":"pa_condizionamento-clt-es","12":"pa_famiglia-salicaceae-es","13":"pa_genere-salix-es","14":"pa_inquinamento-resistente-al-smog","15":"pa_origine-europe-es","16":"pa_periodo-fioritura-abril","17":"pa_periodo-fioritura-marzo-es","18":"pa_portamento-arrotondato-es","19":"pa_resistenza-climatica-muy-elevada","20":"pa_resistenza-del-suolo-resistente-a-la-humedad","21":"pa_salinita-resistente-alla-salsedine-es","22":"pa_utilizzo-balcones","23":"pa_utilizzo-pequenos-jardines","25":"first","26":"instock","27":"purchasable","28":"product-type-simple"},"acf":[],"_links":{"self":[{"href":"https:\/\/innocentiemangonipiante.it\/es\/wp-json\/wp\/v2\/product\/16719","targetHints":{"allow":["GET"]}}],"collection":[{"href":"https:\/\/innocentiemangonipiante.it\/es\/wp-json\/wp\/v2\/product"}],"about":[{"href":"https:\/\/innocentiemangonipiante.it\/es\/wp-json\/wp\/v2\/types\/product"}],"wp:featuredmedia":[{"embeddable":true,"href":"https:\/\/innocentiemangonipiante.it\/es\/wp-json\/wp\/v2\/media\/5465"}],"wp:attachment":[{"href":"https:\/\/innocentiemangonipiante.it\/es\/wp-json\/wp\/v2\/media?parent=16719"}],"wp:term":[{"taxonomy":"product_brand","embeddable":true,"href":"https:\/\/innocentiemangonipiante.it\/es\/wp-json\/wp\/v2\/product_brand?post=16719"},{"taxonomy":"product_cat","embeddable":true,"href":"https:\/\/innocentiemangonipiante.it\/es\/wp-json\/wp\/v2\/product_cat?post=16719"},{"taxonomy":"product_tag","embeddable":true,"href":"https:\/\/innocentiemangonipiante.it\/es\/wp-json\/wp\/v2\/product_tag?post=16719"}],"curies":[{"name":"wp","href":"https:\/\/api.w.org\/{rel}","templated":true}]}}