{"id":16727,"date":"2023-11-04T03:02:09","date_gmt":"2023-11-04T02:02:09","guid":{"rendered":"http:\/\/innocentiemangonipiante.it\/sambucus-nigra\/"},"modified":"2023-11-09T10:26:00","modified_gmt":"2023-11-09T09:26:00","slug":"sambucus-nigra","status":"publish","type":"product","link":"https:\/\/innocentiemangonipiante.it\/es\/sambucus-nigra\/","title":{"rendered":"SAMBUCUS nigra"},"content":{"rendered":"<p>Arbusto o peque\u00f1o \u00e1rbol de hojas el\u00edpticas verde claro. Inflorescencias blancas y perfumadas en abril mayo, seguido de peque\u00f1as bayas negras y brillantes.<\/p>\n","protected":false},"excerpt":{"rendered":"<p>Arbusto o peque\u00f1o \u00e1rbol de hojas el\u00edpticas verde claro. Inflorescencias blancas y perfumadas en abril mayo, seguido de peque\u00f1as bayas negras y brillantes.<\/p>\n","protected":false},"featured_media":24646,"template":"","meta":{"_acf_changed":false},"product_brand":[],"product_cat":[8814],"product_tag":[10899],"class_list":{"0":"post-16727","1":"product","2":"type-product","3":"status-publish","4":"has-post-thumbnail","6":"product_cat-arboles-y-arbustos-de-hoja-caduca","7":"product_tag-natural-es","8":"pa_altezza-massima-300-es","9":"pa_altezza-massima-600-es","10":"pa_colore-fioritura-blanco","11":"pa_condizionamento-clt-es","12":"pa_famiglia-caprifoliaceae-es","13":"pa_genere-sambucus-es","14":"pa_inquinamento-resistente-al-smog","15":"pa_origine-europa-mediterranea","16":"pa_periodo-fioritura-abril","17":"pa_periodo-fioritura-mayo","18":"pa_periodo-fruttificazione-septiembre","19":"pa_portamento-arrotondato-es","20":"pa_profumo-intenso-es","21":"pa_resistenza-climatica-muy-elevada","22":"pa_resistenza-del-suolo-resistente-a-la-humedad","23":"pa_resistenza-del-suolo-resistente-a-los-suelos-calcareos","24":"pa_salinita-resistente-alla-salsedine-es","25":"pa_utilizzo-pequenos-jardines","26":"pa_utilizzo-setos","28":"first","29":"instock","30":"purchasable","31":"product-type-simple"},"acf":[],"_links":{"self":[{"href":"https:\/\/innocentiemangonipiante.it\/es\/wp-json\/wp\/v2\/product\/16727","targetHints":{"allow":["GET"]}}],"collection":[{"href":"https:\/\/innocentiemangonipiante.it\/es\/wp-json\/wp\/v2\/product"}],"about":[{"href":"https:\/\/innocentiemangonipiante.it\/es\/wp-json\/wp\/v2\/types\/product"}],"wp:featuredmedia":[{"embeddable":true,"href":"https:\/\/innocentiemangonipiante.it\/es\/wp-json\/wp\/v2\/media\/24646"}],"wp:attachment":[{"href":"https:\/\/innocentiemangonipiante.it\/es\/wp-json\/wp\/v2\/media?parent=16727"}],"wp:term":[{"taxonomy":"product_brand","embeddable":true,"href":"https:\/\/innocentiemangonipiante.it\/es\/wp-json\/wp\/v2\/product_brand?post=16727"},{"taxonomy":"product_cat","embeddable":true,"href":"https:\/\/innocentiemangonipiante.it\/es\/wp-json\/wp\/v2\/product_cat?post=16727"},{"taxonomy":"product_tag","embeddable":true,"href":"https:\/\/innocentiemangonipiante.it\/es\/wp-json\/wp\/v2\/product_tag?post=16727"}],"curies":[{"name":"wp","href":"https:\/\/api.w.org\/{rel}","templated":true}]}}