{"id":16732,"date":"2023-11-04T03:03:44","date_gmt":"2023-11-04T02:03:44","guid":{"rendered":"http:\/\/innocentiemangonipiante.it\/schinus-molle\/"},"modified":"2023-11-09T10:27:28","modified_gmt":"2023-11-09T09:27:28","slug":"schinus-molle","status":"publish","type":"product","link":"https:\/\/innocentiemangonipiante.it\/es\/schinus-molle\/","title":{"rendered":"SCHINUS molle"},"content":{"rendered":"<p>\u00c1rbol caduco de porte extendido. Las hojas, curvadas y pinnadas, son compuestas de 20-40 hojas peque\u00f1as de verde a verde intenso, estrechas, lanceoladas, dentadas y l\u00facidas. De finales de invierno hasta verano lleva flores peque\u00f1as blanco-amarilletas, simples, en panojas curvadas, a continuaci\u00f3n frutos de forma de baya color rosa. El perfume de las hojas y la forma del fruto recuerdan el pimentero.<\/p>\n","protected":false},"excerpt":{"rendered":"<p>\u00c1rbol caduco de porte extendido. Las hojas, curvadas y pinnadas, son compuestas de 20-40 hojas peque\u00f1as de verde a verde intenso, estrechas, lanceoladas, dentadas y l\u00facidas. De finales de invierno hasta verano lleva flores peque\u00f1as blanco-amarilletas, simples, en panojas curvadas, a continuaci\u00f3n frutos de forma de baya color rosa. El perfume de las hojas y [&hellip;]<\/p>\n","protected":false},"featured_media":5519,"template":"","meta":{"_acf_changed":false},"product_brand":[],"product_cat":[8815,9232],"product_tag":[10899,8402],"class_list":{"0":"post-16732","1":"product","2":"type-product","3":"status-publish","4":"has-post-thumbnail","6":"product_cat-arboles-y-arbustos-persistentes","7":"product_cat-arboles-y-plantas-del-futuro","8":"product_tag-natural-es","9":"product_tag-tallo-alto","10":"pa_altezza-massima-800-es","11":"pa_altezza-massima-12-metros","12":"pa_colore-fioritura-blanco","13":"pa_condizionamento-clt-es","14":"pa_famiglia-anacardiaceae-es-2","15":"pa_genere-schinus-es","16":"pa_origine-brasil","17":"pa_periodo-fioritura-abril","18":"pa_periodo-fioritura-julio","19":"pa_periodo-fioritura-junio","20":"pa_periodo-fioritura-mayo","21":"pa_periodo-fruttificazione-octubre","22":"pa_portamento-eretto-es","23":"pa_resistenza-climatica-plantas-con-baja-resistencia-climatica","24":"pa_resistenza-del-suolo-resistente-a-los-suelos-secos","25":"pa_salinita-resistente-alla-salsedine-es","26":"pa_utilizzo-parques","28":"first","29":"instock","30":"purchasable","31":"product-type-simple"},"acf":[],"_links":{"self":[{"href":"https:\/\/innocentiemangonipiante.it\/es\/wp-json\/wp\/v2\/product\/16732","targetHints":{"allow":["GET"]}}],"collection":[{"href":"https:\/\/innocentiemangonipiante.it\/es\/wp-json\/wp\/v2\/product"}],"about":[{"href":"https:\/\/innocentiemangonipiante.it\/es\/wp-json\/wp\/v2\/types\/product"}],"wp:featuredmedia":[{"embeddable":true,"href":"https:\/\/innocentiemangonipiante.it\/es\/wp-json\/wp\/v2\/media\/5519"}],"wp:attachment":[{"href":"https:\/\/innocentiemangonipiante.it\/es\/wp-json\/wp\/v2\/media?parent=16732"}],"wp:term":[{"taxonomy":"product_brand","embeddable":true,"href":"https:\/\/innocentiemangonipiante.it\/es\/wp-json\/wp\/v2\/product_brand?post=16732"},{"taxonomy":"product_cat","embeddable":true,"href":"https:\/\/innocentiemangonipiante.it\/es\/wp-json\/wp\/v2\/product_cat?post=16732"},{"taxonomy":"product_tag","embeddable":true,"href":"https:\/\/innocentiemangonipiante.it\/es\/wp-json\/wp\/v2\/product_tag?post=16732"}],"curies":[{"name":"wp","href":"https:\/\/api.w.org\/{rel}","templated":true}]}}