{"id":16733,"date":"2023-11-04T03:03:49","date_gmt":"2023-11-04T02:03:49","guid":{"rendered":"http:\/\/innocentiemangonipiante.it\/sciadopitys-verticillata\/"},"modified":"2023-11-09T10:27:32","modified_gmt":"2023-11-09T09:27:32","slug":"sciadopitys-verticillata","status":"publish","type":"product","link":"https:\/\/innocentiemangonipiante.it\/es\/sciadopitys-verticillata\/","title":{"rendered":"SCIADOPITYS verticillata"},"content":{"rendered":"<p>\u00c1rbol persistente de forma ampliamente c\u00f3nica. La corteza, de color marr\u00f3n rojizo, se desprende en tiras a medida que envejece. Las hojas son de color verde oscuro en la parte superior y verde oliva en la parte inferior; lineal, estrecha y brillante, de hasta 10-15 cm de largo. A esta espectacular y original con\u00edfera no le gusta la exposici\u00f3n total al sol en zonas c\u00e1lidas.<\/p>\n","protected":false},"excerpt":{"rendered":"<p>\u00c1rbol persistente de forma ampliamente c\u00f3nica. La corteza, de color marr\u00f3n rojizo, se desprende en tiras a medida que envejece. Las hojas son de color verde oscuro en la parte superior y verde oliva en la parte inferior; lineal, estrecha y brillante, de hasta 10-15 cm de largo. A esta espectacular y original con\u00edfera no [&hellip;]<\/p>\n","protected":false},"featured_media":5525,"template":"","meta":{"_acf_changed":false},"product_brand":[],"product_cat":[8826],"product_tag":[10899],"class_list":{"0":"post-16733","1":"product","2":"type-product","3":"status-publish","4":"has-post-thumbnail","6":"product_cat-coniferas","7":"product_tag-natural-es","8":"pa_altezza-massima-15-metros","9":"pa_altezza-massima-20-metros","10":"pa_condizionamento-clt-es","11":"pa_famiglia-sciadopityaceae-es","12":"pa_genere-sciadopitys-es","13":"pa_origine-asia-oriental","14":"pa_portamento-piramidale-es","15":"pa_resistenza-climatica-muy-elevada","16":"pa_resistenza-del-suolo-resistente-a-la-humedad","17":"pa_utilizzo-parques","19":"first","20":"instock","21":"purchasable","22":"product-type-simple"},"acf":[],"_links":{"self":[{"href":"https:\/\/innocentiemangonipiante.it\/es\/wp-json\/wp\/v2\/product\/16733","targetHints":{"allow":["GET"]}}],"collection":[{"href":"https:\/\/innocentiemangonipiante.it\/es\/wp-json\/wp\/v2\/product"}],"about":[{"href":"https:\/\/innocentiemangonipiante.it\/es\/wp-json\/wp\/v2\/types\/product"}],"wp:featuredmedia":[{"embeddable":true,"href":"https:\/\/innocentiemangonipiante.it\/es\/wp-json\/wp\/v2\/media\/5525"}],"wp:attachment":[{"href":"https:\/\/innocentiemangonipiante.it\/es\/wp-json\/wp\/v2\/media?parent=16733"}],"wp:term":[{"taxonomy":"product_brand","embeddable":true,"href":"https:\/\/innocentiemangonipiante.it\/es\/wp-json\/wp\/v2\/product_brand?post=16733"},{"taxonomy":"product_cat","embeddable":true,"href":"https:\/\/innocentiemangonipiante.it\/es\/wp-json\/wp\/v2\/product_cat?post=16733"},{"taxonomy":"product_tag","embeddable":true,"href":"https:\/\/innocentiemangonipiante.it\/es\/wp-json\/wp\/v2\/product_tag?post=16733"}],"curies":[{"name":"wp","href":"https:\/\/api.w.org\/{rel}","templated":true}]}}