{"id":16734,"date":"2023-11-04T03:04:55","date_gmt":"2023-11-04T02:04:55","guid":{"rendered":"http:\/\/innocentiemangonipiante.it\/sequoia-sempervirens\/"},"modified":"2023-11-09T10:28:19","modified_gmt":"2023-11-09T09:28:19","slug":"sequoia-sempervirens","status":"publish","type":"product","link":"https:\/\/innocentiemangonipiante.it\/es\/sequoia-sempervirens\/","title":{"rendered":"SEQUOIA sempervirens"},"content":{"rendered":"<p>Grande \u00e1rbol (el m\u00e1s grande en el mundo) de porte anchamente c\u00f3nico con ramas horizontales curvadas hacia el bajo y la corteza marr\u00f3n-rosa, espesa, m\u00f3rbida que, al envejecer, se agrieta. Las hojas de color verde oscuro son largas, lineales y puntiagudas, largas hasta 2 cm.<\/p>\n","protected":false},"excerpt":{"rendered":"<p>Grande \u00e1rbol (el m\u00e1s grande en el mundo) de porte anchamente c\u00f3nico con ramas horizontales curvadas hacia el bajo y la corteza marr\u00f3n-rosa, espesa, m\u00f3rbida que, al envejecer, se agrieta. Las hojas de color verde oscuro son largas, lineales y puntiagudas, largas hasta 2 cm.<\/p>\n","protected":false},"featured_media":5531,"template":"","meta":{"_acf_changed":false},"product_brand":[],"product_cat":[8826],"product_tag":[10899],"class_list":{"0":"post-16734","1":"product","2":"type-product","3":"status-publish","4":"has-post-thumbnail","6":"product_cat-coniferas","7":"product_tag-natural-es","8":"pa_altezza-massima-50-metros","9":"pa_altezza-massima-60-metros","10":"pa_condizionamento-clt-es","11":"pa_condizionamento-placa","12":"pa_famiglia-taxodiaceae-es","13":"pa_genere-sequoia-es","14":"pa_origine-origine-delle-piante-u-s-a-es","15":"pa_portamento-piramidale-es","16":"pa_resistenza-climatica-muy-elevada","17":"pa_utilizzo-parques","19":"first","20":"instock","21":"purchasable","22":"product-type-simple"},"acf":[],"_links":{"self":[{"href":"https:\/\/innocentiemangonipiante.it\/es\/wp-json\/wp\/v2\/product\/16734","targetHints":{"allow":["GET"]}}],"collection":[{"href":"https:\/\/innocentiemangonipiante.it\/es\/wp-json\/wp\/v2\/product"}],"about":[{"href":"https:\/\/innocentiemangonipiante.it\/es\/wp-json\/wp\/v2\/types\/product"}],"wp:featuredmedia":[{"embeddable":true,"href":"https:\/\/innocentiemangonipiante.it\/es\/wp-json\/wp\/v2\/media\/5531"}],"wp:attachment":[{"href":"https:\/\/innocentiemangonipiante.it\/es\/wp-json\/wp\/v2\/media?parent=16734"}],"wp:term":[{"taxonomy":"product_brand","embeddable":true,"href":"https:\/\/innocentiemangonipiante.it\/es\/wp-json\/wp\/v2\/product_brand?post=16734"},{"taxonomy":"product_cat","embeddable":true,"href":"https:\/\/innocentiemangonipiante.it\/es\/wp-json\/wp\/v2\/product_cat?post=16734"},{"taxonomy":"product_tag","embeddable":true,"href":"https:\/\/innocentiemangonipiante.it\/es\/wp-json\/wp\/v2\/product_tag?post=16734"}],"curies":[{"name":"wp","href":"https:\/\/api.w.org\/{rel}","templated":true}]}}