{"id":16735,"date":"2023-11-04T03:05:19","date_gmt":"2023-11-04T02:05:19","guid":{"rendered":"http:\/\/innocentiemangonipiante.it\/skimmia-japonica-rubella\/"},"modified":"2023-11-09T10:29:06","modified_gmt":"2023-11-09T09:29:06","slug":"skimmia-japonica-rubella","status":"publish","type":"product","link":"https:\/\/innocentiemangonipiante.it\/es\/skimmia-japonica-rubella\/","title":{"rendered":"SKIMMIA japonica &#8216;Rubella&#8217;"},"content":{"rendered":"<p>Arbusto peque\u00f1o perenne de porte erguido. Las hojas son alternadas, de ovales a obovadas, cori\u00e1ceas, r\u00edgidas, brillantes, de color verde oscuro con m\u00e1rgenes sutiles rosa intenso-rojo. El invierno lleva pan\u00edculas de capullos peque\u00f1os rojo-p\u00farpura que en marzo-abril brotan en flores masculinas de color blanco-amarillo.<\/p>\n","protected":false},"excerpt":{"rendered":"<p>Arbusto peque\u00f1o perenne de porte erguido. Las hojas son alternadas, de ovales a obovadas, cori\u00e1ceas, r\u00edgidas, brillantes, de color verde oscuro con m\u00e1rgenes sutiles rosa intenso-rojo. El invierno lleva pan\u00edculas de capullos peque\u00f1os rojo-p\u00farpura que en marzo-abril brotan en flores masculinas de color blanco-amarillo.<\/p>\n","protected":false},"featured_media":5538,"template":"","meta":{"_acf_changed":false},"product_brand":[],"product_cat":[8815],"product_tag":[10899],"class_list":{"0":"post-16735","1":"product","2":"type-product","3":"status-publish","4":"has-post-thumbnail","6":"product_cat-arboles-y-arbustos-persistentes","7":"product_tag-natural-es","8":"pa_altezza-massima-100-es","9":"pa_altezza-massima-150-es","10":"pa_colore-delle-foglie-variegadas","11":"pa_colore-fioritura-rojo","12":"pa_condizionamento-clt-es","13":"pa_famiglia-rutaceae-es-2","14":"pa_genere-skimmia-es","15":"pa_inquinamento-resistente-al-smog","16":"pa_origine-asia-oriental","17":"pa_periodo-fioritura-diciembre","18":"pa_periodo-fioritura-noviembre","19":"pa_portamento-arrotondato-es","20":"pa_profumo-delicato-es","21":"pa_resistenza-climatica-muy-elevada","22":"pa_utilizzo-balcones","23":"pa_utilizzo-pequenos-jardines","25":"first","26":"instock","27":"purchasable","28":"product-type-simple"},"acf":[],"_links":{"self":[{"href":"https:\/\/innocentiemangonipiante.it\/es\/wp-json\/wp\/v2\/product\/16735","targetHints":{"allow":["GET"]}}],"collection":[{"href":"https:\/\/innocentiemangonipiante.it\/es\/wp-json\/wp\/v2\/product"}],"about":[{"href":"https:\/\/innocentiemangonipiante.it\/es\/wp-json\/wp\/v2\/types\/product"}],"wp:featuredmedia":[{"embeddable":true,"href":"https:\/\/innocentiemangonipiante.it\/es\/wp-json\/wp\/v2\/media\/5538"}],"wp:attachment":[{"href":"https:\/\/innocentiemangonipiante.it\/es\/wp-json\/wp\/v2\/media?parent=16735"}],"wp:term":[{"taxonomy":"product_brand","embeddable":true,"href":"https:\/\/innocentiemangonipiante.it\/es\/wp-json\/wp\/v2\/product_brand?post=16735"},{"taxonomy":"product_cat","embeddable":true,"href":"https:\/\/innocentiemangonipiante.it\/es\/wp-json\/wp\/v2\/product_cat?post=16735"},{"taxonomy":"product_tag","embeddable":true,"href":"https:\/\/innocentiemangonipiante.it\/es\/wp-json\/wp\/v2\/product_tag?post=16735"}],"curies":[{"name":"wp","href":"https:\/\/api.w.org\/{rel}","templated":true}]}}