{"id":16738,"date":"2023-11-04T03:06:04","date_gmt":"2023-11-04T02:06:04","guid":{"rendered":"http:\/\/innocentiemangonipiante.it\/sophora-japonica-regent\/"},"modified":"2023-11-09T10:29:37","modified_gmt":"2023-11-09T09:29:37","slug":"sophora-japonica-regent","status":"publish","type":"product","link":"https:\/\/innocentiemangonipiante.it\/es\/sophora-japonica-regent\/","title":{"rendered":"SOPHORA japonica &#8216;Regent&#8217;"},"content":{"rendered":"<p>\u00c1rbol caduco de porte de redondeado a extendido. Crecimiento r\u00e1pido. Corteza de color gris que se agrieta al envejecer. Hojas de color verde intenso, m\u00e1s grandes de aquellas de la variedad tipo. Floraci\u00f3n en racimos piramidales de color blanco (julio-agosto) desde el 8\u00b0-10\u00b0 a\u00f1o de vida de la planta.<\/p>\n","protected":false},"excerpt":{"rendered":"<p>\u00c1rbol caduco de porte de redondeado a extendido. Crecimiento r\u00e1pido. Corteza de color gris que se agrieta al envejecer. Hojas de color verde intenso, m\u00e1s grandes de aquellas de la variedad tipo. Floraci\u00f3n en racimos piramidales de color blanco (julio-agosto) desde el 8\u00b0-10\u00b0 a\u00f1o de vida de la planta.<\/p>\n","protected":false},"featured_media":5558,"template":"","meta":{"_acf_changed":false},"product_brand":[],"product_cat":[8814],"product_tag":[10899,8598,8402],"class_list":{"0":"post-16738","1":"product","2":"type-product","3":"status-publish","4":"has-post-thumbnail","6":"product_cat-arboles-y-arbustos-de-hoja-caduca","7":"product_tag-natural-es","8":"product_tag-multitronco-es-2","9":"product_tag-tallo-alto","10":"pa_altezza-massima-15-metros","11":"pa_altezza-massima-20-metros","12":"pa_colore-fioritura-blanco","13":"pa_condizionamento-clt-es","14":"pa_condizionamento-placa","15":"pa_famiglia-leguminosae-es","16":"pa_genere-sophora-es","17":"pa_inquinamento-resistente-al-smog","18":"pa_origine-origine-delle-piante-u-s-a-es","19":"pa_periodo-fioritura-agosto-es","20":"pa_periodo-fioritura-julio","21":"pa_portamento-arrotondato-es","22":"pa_profumo-intenso-es","23":"pa_resistenza-climatica-muy-elevada","24":"pa_resistenza-del-suolo-resistente-a-los-suelos-calcareos","25":"pa_resistenza-del-suolo-resistente-a-los-suelos-secos","26":"pa_utilizzo-avenidas","28":"first","29":"instock","30":"purchasable","31":"product-type-simple"},"acf":[],"_links":{"self":[{"href":"https:\/\/innocentiemangonipiante.it\/es\/wp-json\/wp\/v2\/product\/16738","targetHints":{"allow":["GET"]}}],"collection":[{"href":"https:\/\/innocentiemangonipiante.it\/es\/wp-json\/wp\/v2\/product"}],"about":[{"href":"https:\/\/innocentiemangonipiante.it\/es\/wp-json\/wp\/v2\/types\/product"}],"wp:featuredmedia":[{"embeddable":true,"href":"https:\/\/innocentiemangonipiante.it\/es\/wp-json\/wp\/v2\/media\/5558"}],"wp:attachment":[{"href":"https:\/\/innocentiemangonipiante.it\/es\/wp-json\/wp\/v2\/media?parent=16738"}],"wp:term":[{"taxonomy":"product_brand","embeddable":true,"href":"https:\/\/innocentiemangonipiante.it\/es\/wp-json\/wp\/v2\/product_brand?post=16738"},{"taxonomy":"product_cat","embeddable":true,"href":"https:\/\/innocentiemangonipiante.it\/es\/wp-json\/wp\/v2\/product_cat?post=16738"},{"taxonomy":"product_tag","embeddable":true,"href":"https:\/\/innocentiemangonipiante.it\/es\/wp-json\/wp\/v2\/product_tag?post=16738"}],"curies":[{"name":"wp","href":"https:\/\/api.w.org\/{rel}","templated":true}]}}