{"id":16740,"date":"2023-11-04T03:05:40","date_gmt":"2023-11-04T02:05:40","guid":{"rendered":"http:\/\/innocentiemangonipiante.it\/sophora-japonica\/"},"modified":"2023-11-09T10:29:20","modified_gmt":"2023-11-09T09:29:20","slug":"sophora-japonica","status":"publish","type":"product","link":"https:\/\/innocentiemangonipiante.it\/es\/sophora-japonica\/","title":{"rendered":"SOPHORA japonica"},"content":{"rendered":"<p>\u00c1rbol caduco de porte extendido con hojas pinnadas largas 25 cm compuestas de 15-20 hojas peque\u00f1as de ovadas a lanceoladas, brillantes, verde oscuro, que vuelven a amarillo en oto\u00f1o. De finales de verano lleva panojas terminales largas hasta 30 cm de flores papilion\u00e1ceas peque\u00f1as de color blanco.<\/p>\n","protected":false},"excerpt":{"rendered":"<p>\u00c1rbol caduco de porte extendido con hojas pinnadas largas 25 cm compuestas de 15-20 hojas peque\u00f1as de ovadas a lanceoladas, brillantes, verde oscuro, que vuelven a amarillo en oto\u00f1o. De finales de verano lleva panojas terminales largas hasta 30 cm de flores papilion\u00e1ceas peque\u00f1as de color blanco.<\/p>\n","protected":false},"featured_media":5546,"template":"","meta":{"_acf_changed":false},"product_brand":[],"product_cat":[8814,9232],"product_tag":[10899,8598,8402],"class_list":{"0":"post-16740","1":"product","2":"type-product","3":"status-publish","4":"has-post-thumbnail","6":"product_cat-arboles-y-arbustos-de-hoja-caduca","7":"product_cat-arboles-y-plantas-del-futuro","8":"product_tag-natural-es","9":"product_tag-multitronco-es-2","10":"product_tag-tallo-alto","11":"pa_altezza-massima-15-metros","12":"pa_altezza-massima-20-metros","13":"pa_colore-fioritura-blanco","14":"pa_condizionamento-clt-es","15":"pa_condizionamento-placa","16":"pa_famiglia-leguminosae-es","17":"pa_genere-sophora-es","18":"pa_inquinamento-resistente-al-smog","19":"pa_origine-asia-oriental","20":"pa_periodo-fioritura-septiembre","21":"pa_portamento-eretto-es","22":"pa_resistenza-climatica-muy-elevada","23":"pa_resistenza-del-suolo-resistente-a-los-suelos-calcareos","24":"pa_resistenza-del-suolo-resistente-a-los-suelos-pobres","25":"pa_resistenza-del-suolo-resistente-a-los-suelos-secos","26":"pa_salinita-resistente-alla-salsedine-es","27":"pa_utilizzo-avenidas","29":"first","30":"instock","31":"purchasable","32":"product-type-simple"},"acf":[],"_links":{"self":[{"href":"https:\/\/innocentiemangonipiante.it\/es\/wp-json\/wp\/v2\/product\/16740","targetHints":{"allow":["GET"]}}],"collection":[{"href":"https:\/\/innocentiemangonipiante.it\/es\/wp-json\/wp\/v2\/product"}],"about":[{"href":"https:\/\/innocentiemangonipiante.it\/es\/wp-json\/wp\/v2\/types\/product"}],"wp:featuredmedia":[{"embeddable":true,"href":"https:\/\/innocentiemangonipiante.it\/es\/wp-json\/wp\/v2\/media\/5546"}],"wp:attachment":[{"href":"https:\/\/innocentiemangonipiante.it\/es\/wp-json\/wp\/v2\/media?parent=16740"}],"wp:term":[{"taxonomy":"product_brand","embeddable":true,"href":"https:\/\/innocentiemangonipiante.it\/es\/wp-json\/wp\/v2\/product_brand?post=16740"},{"taxonomy":"product_cat","embeddable":true,"href":"https:\/\/innocentiemangonipiante.it\/es\/wp-json\/wp\/v2\/product_cat?post=16740"},{"taxonomy":"product_tag","embeddable":true,"href":"https:\/\/innocentiemangonipiante.it\/es\/wp-json\/wp\/v2\/product_tag?post=16740"}],"curies":[{"name":"wp","href":"https:\/\/api.w.org\/{rel}","templated":true}]}}