{"id":16742,"date":"2023-11-04T03:06:09","date_gmt":"2023-11-04T02:06:09","guid":{"rendered":"http:\/\/innocentiemangonipiante.it\/sorbus-aucuparia\/"},"modified":"2023-11-09T10:29:42","modified_gmt":"2023-11-09T09:29:42","slug":"sorbus-aucuparia","status":"publish","type":"product","link":"https:\/\/innocentiemangonipiante.it\/es\/sorbus-aucuparia\/","title":{"rendered":"SORBUS aucuparia"},"content":{"rendered":"<p>\u00c1rbol caduco de anchamente c\u00f3nico y redondeado con hojas verdes que vuelven a rojo-amarillo en oto\u00f1o. En mayo-junio brotan grupos peque\u00f1os platos de flores blancas, a continuaci\u00f3n frutos redondeados de color naranja-rojo que maduran desde finales de agosto.<\/p>\n","protected":false},"excerpt":{"rendered":"<p>\u00c1rbol caduco de anchamente c\u00f3nico y redondeado con hojas verdes que vuelven a rojo-amarillo en oto\u00f1o. En mayo-junio brotan grupos peque\u00f1os platos de flores blancas, a continuaci\u00f3n frutos redondeados de color naranja-rojo que maduran desde finales de agosto.<\/p>\n","protected":false},"featured_media":5564,"template":"","meta":{"_acf_changed":false},"product_brand":[],"product_cat":[8814],"product_tag":[10899,8598,8402],"class_list":{"0":"post-16742","1":"product","2":"type-product","3":"status-publish","4":"has-post-thumbnail","6":"product_cat-arboles-y-arbustos-de-hoja-caduca","7":"product_tag-natural-es","8":"product_tag-multitronco-es-2","9":"product_tag-tallo-alto","10":"pa_altezza-massima-800-es","11":"pa_altezza-massima-1000-es-2","12":"pa_colore-fioritura-blanco","13":"pa_condizionamento-clt-es","14":"pa_condizionamento-placa","15":"pa_famiglia-rosaceae-es","16":"pa_genere-sorbus-es","17":"pa_inquinamento-resistente-al-smog","18":"pa_origine-europe-es","19":"pa_periodo-fioritura-junio","20":"pa_periodo-fioritura-mayo","21":"pa_periodo-fruttificazione-agosto-es","22":"pa_portamento-arrotondato-es","23":"pa_profumo-delicato-es","24":"pa_resistenza-climatica-muy-elevada","25":"pa_resistenza-del-suolo-resistente-a-la-humedad","26":"pa_resistenza-del-suolo-resistente-a-los-suelos-calcareos","27":"pa_resistenza-del-suolo-resistente-a-los-suelos-secos","28":"pa_salinita-resistente-alla-salsedine-es","29":"pa_utilizzo-avenidas","30":"pa_utilizzo-pequenos-jardines","32":"first","33":"instock","34":"purchasable","35":"product-type-simple"},"acf":[],"_links":{"self":[{"href":"https:\/\/innocentiemangonipiante.it\/es\/wp-json\/wp\/v2\/product\/16742","targetHints":{"allow":["GET"]}}],"collection":[{"href":"https:\/\/innocentiemangonipiante.it\/es\/wp-json\/wp\/v2\/product"}],"about":[{"href":"https:\/\/innocentiemangonipiante.it\/es\/wp-json\/wp\/v2\/types\/product"}],"wp:featuredmedia":[{"embeddable":true,"href":"https:\/\/innocentiemangonipiante.it\/es\/wp-json\/wp\/v2\/media\/5564"}],"wp:attachment":[{"href":"https:\/\/innocentiemangonipiante.it\/es\/wp-json\/wp\/v2\/media?parent=16742"}],"wp:term":[{"taxonomy":"product_brand","embeddable":true,"href":"https:\/\/innocentiemangonipiante.it\/es\/wp-json\/wp\/v2\/product_brand?post=16742"},{"taxonomy":"product_cat","embeddable":true,"href":"https:\/\/innocentiemangonipiante.it\/es\/wp-json\/wp\/v2\/product_cat?post=16742"},{"taxonomy":"product_tag","embeddable":true,"href":"https:\/\/innocentiemangonipiante.it\/es\/wp-json\/wp\/v2\/product_tag?post=16742"}],"curies":[{"name":"wp","href":"https:\/\/api.w.org\/{rel}","templated":true}]}}