{"id":16765,"date":"2023-11-04T03:08:54","date_gmt":"2023-11-04T02:08:54","guid":{"rendered":"http:\/\/innocentiemangonipiante.it\/syringa-pekinensis-beijing-gold\/"},"modified":"2023-11-09T10:32:05","modified_gmt":"2023-11-09T09:32:05","slug":"syringa-pekinensis-beijing-gold","status":"publish","type":"product","link":"https:\/\/innocentiemangonipiante.it\/es\/syringa-pekinensis-beijing-gold\/","title":{"rendered":"SYRINGA pekinensis &#8216;Beijing Gold&#8217;"},"content":{"rendered":"<p>Arbusto caduco o \u00e1rbol peque\u00f1o, con corteza en escamas y hojas verde brillante. Floraci\u00f3n en racimos amarillos de 10-15 cm.<\/p>\n","protected":false},"excerpt":{"rendered":"<p>Arbusto caduco o \u00e1rbol peque\u00f1o, con corteza en escamas y hojas verde brillante. Floraci\u00f3n en racimos amarillos de 10-15 cm.<\/p>\n","protected":false},"featured_media":5614,"template":"","meta":{"_acf_changed":false},"product_brand":[],"product_cat":[8814],"product_tag":[10899],"class_list":{"0":"post-16765","1":"product","2":"type-product","3":"status-publish","4":"has-post-thumbnail","6":"product_cat-arboles-y-arbustos-de-hoja-caduca","7":"product_tag-natural-es","8":"pa_altezza-massima-400-es","9":"pa_altezza-massima-600-es","10":"pa_colore-fioritura-amarillo","11":"pa_famiglia-oleaceae-es","12":"pa_genere-syringa-es","13":"pa_inquinamento-resistente-al-smog","14":"pa_origine-cina","15":"pa_periodo-fioritura-abril","16":"pa_periodo-fioritura-junio","17":"pa_periodo-fioritura-mayo","18":"pa_portamento-arrotondato-es","19":"pa_profumo-intenso-es","20":"pa_resistenza-climatica-muy-elevada","21":"pa_resistenza-del-suolo-resistente-a-la-humedad","22":"pa_resistenza-del-suolo-resistente-a-los-suelos-calcareos","23":"pa_salinita-resistente-alla-salsedine-es","24":"pa_utilizzo-parques","25":"pa_utilizzo-pequenos-jardines","27":"first","28":"instock","29":"purchasable","30":"product-type-simple"},"acf":[],"_links":{"self":[{"href":"https:\/\/innocentiemangonipiante.it\/es\/wp-json\/wp\/v2\/product\/16765","targetHints":{"allow":["GET"]}}],"collection":[{"href":"https:\/\/innocentiemangonipiante.it\/es\/wp-json\/wp\/v2\/product"}],"about":[{"href":"https:\/\/innocentiemangonipiante.it\/es\/wp-json\/wp\/v2\/types\/product"}],"wp:featuredmedia":[{"embeddable":true,"href":"https:\/\/innocentiemangonipiante.it\/es\/wp-json\/wp\/v2\/media\/5614"}],"wp:attachment":[{"href":"https:\/\/innocentiemangonipiante.it\/es\/wp-json\/wp\/v2\/media?parent=16765"}],"wp:term":[{"taxonomy":"product_brand","embeddable":true,"href":"https:\/\/innocentiemangonipiante.it\/es\/wp-json\/wp\/v2\/product_brand?post=16765"},{"taxonomy":"product_cat","embeddable":true,"href":"https:\/\/innocentiemangonipiante.it\/es\/wp-json\/wp\/v2\/product_cat?post=16765"},{"taxonomy":"product_tag","embeddable":true,"href":"https:\/\/innocentiemangonipiante.it\/es\/wp-json\/wp\/v2\/product_tag?post=16765"}],"curies":[{"name":"wp","href":"https:\/\/api.w.org\/{rel}","templated":true}]}}