{"id":16767,"date":"2023-11-04T03:11:26","date_gmt":"2023-11-04T02:11:26","guid":{"rendered":"http:\/\/innocentiemangonipiante.it\/tamarix-ramosissima-pink-cascade\/"},"modified":"2023-11-09T10:34:12","modified_gmt":"2023-11-09T09:34:12","slug":"tamarix-ramosissima-pink-cascade","status":"publish","type":"product","link":"https:\/\/innocentiemangonipiante.it\/es\/tamarix-ramosissima-pink-cascade\/","title":{"rendered":"TAMARIX ramosissima &#8216;Pink Cascade&#8217;"},"content":{"rendered":"<p>Arbusto o \u00e1rbol peque\u00f1o caduco con renuevos arcuados y corteza rojo-marr\u00f3n. Las hojas, de color verde, en forma de agujas, puntiagudas, son largas apenas 4 mm. De julio a agosto produce, en los renuevos j\u00f3venes, flores peque\u00f1as de color rosa fuerte ragrupadas en racimos espesos largos hasta 7 cm.<\/p>\n","protected":false},"excerpt":{"rendered":"<p>Arbusto o \u00e1rbol peque\u00f1o caduco con renuevos arcuados y corteza rojo-marr\u00f3n. Las hojas, de color verde, en forma de agujas, puntiagudas, son largas apenas 4 mm. De julio a agosto produce, en los renuevos j\u00f3venes, flores peque\u00f1as de color rosa fuerte ragrupadas en racimos espesos largos hasta 7 cm.<\/p>\n","protected":false},"featured_media":5690,"template":"","meta":{"_acf_changed":false},"product_brand":[],"product_cat":[8814],"product_tag":[10899,8566,8402],"class_list":{"0":"post-16767","1":"product","2":"type-product","3":"status-publish","4":"has-post-thumbnail","6":"product_cat-arboles-y-arbustos-de-hoja-caduca","7":"product_tag-natural-es","8":"product_tag-medio-tallo","9":"product_tag-tallo-alto","10":"pa_altezza-massima-300-es","11":"pa_altezza-massima-600-es","12":"pa_colore-fioritura-rosado","13":"pa_condizionamento-clt-es","14":"pa_condizionamento-placa","15":"pa_famiglia-tamaricaceae-es","16":"pa_genere-tamarix-es","17":"pa_inquinamento-resistente-al-smog","18":"pa_origine-europa-mediterranea","19":"pa_periodo-fioritura-agosto-es","20":"pa_periodo-fioritura-julio","21":"pa_portamento-eretto-es","22":"pa_resistenza-climatica-media-elevada","23":"pa_resistenza-del-suolo-resistente-a-los-suelos-calcareos","24":"pa_resistenza-del-suolo-resistente-a-los-suelos-secos","25":"pa_salinita-resistente-alla-salsedine-es","26":"pa_utilizzo-parques","27":"pa_utilizzo-pequenos-jardines","29":"first","30":"instock","31":"purchasable","32":"product-type-simple"},"acf":[],"_links":{"self":[{"href":"https:\/\/innocentiemangonipiante.it\/es\/wp-json\/wp\/v2\/product\/16767","targetHints":{"allow":["GET"]}}],"collection":[{"href":"https:\/\/innocentiemangonipiante.it\/es\/wp-json\/wp\/v2\/product"}],"about":[{"href":"https:\/\/innocentiemangonipiante.it\/es\/wp-json\/wp\/v2\/types\/product"}],"wp:featuredmedia":[{"embeddable":true,"href":"https:\/\/innocentiemangonipiante.it\/es\/wp-json\/wp\/v2\/media\/5690"}],"wp:attachment":[{"href":"https:\/\/innocentiemangonipiante.it\/es\/wp-json\/wp\/v2\/media?parent=16767"}],"wp:term":[{"taxonomy":"product_brand","embeddable":true,"href":"https:\/\/innocentiemangonipiante.it\/es\/wp-json\/wp\/v2\/product_brand?post=16767"},{"taxonomy":"product_cat","embeddable":true,"href":"https:\/\/innocentiemangonipiante.it\/es\/wp-json\/wp\/v2\/product_cat?post=16767"},{"taxonomy":"product_tag","embeddable":true,"href":"https:\/\/innocentiemangonipiante.it\/es\/wp-json\/wp\/v2\/product_tag?post=16767"}],"curies":[{"name":"wp","href":"https:\/\/api.w.org\/{rel}","templated":true}]}}