{"id":16774,"date":"2023-11-04T03:11:53","date_gmt":"2023-11-04T02:11:53","guid":{"rendered":"http:\/\/innocentiemangonipiante.it\/taxodium-distichum\/"},"modified":"2023-11-09T10:34:33","modified_gmt":"2023-11-09T09:34:33","slug":"taxodium-distichum","status":"publish","type":"product","link":"https:\/\/innocentiemangonipiante.it\/es\/taxodium-distichum\/","title":{"rendered":"TAXODIUM distichum"},"content":{"rendered":"<p>\u00c1rbol caduco de porte c\u00f3nico en la fase juvenil irregularmente columnar a la madurez. La corteza, marr\u00f3n claro, se agrieta en la superficie al envejecer. Las hojas alternadas, m\u00f3rbidas, estrechamente lanceoladas, color verde claro, largas 2 cm, vuelven de amarillo oro a marr\u00f3n \u00f3xido en oto\u00f1o. Excelente por terrenos h\u00famedos o con riesgo de inundaciones. Crecimiento r\u00e1pido.<\/p>\n","protected":false},"excerpt":{"rendered":"<p>\u00c1rbol caduco de porte c\u00f3nico en la fase juvenil irregularmente columnar a la madurez. La corteza, marr\u00f3n claro, se agrieta en la superficie al envejecer. Las hojas alternadas, m\u00f3rbidas, estrechamente lanceoladas, color verde claro, largas 2 cm, vuelven de amarillo oro a marr\u00f3n \u00f3xido en oto\u00f1o. Excelente por terrenos h\u00famedos o con riesgo de inundaciones. [&hellip;]<\/p>\n","protected":false},"featured_media":5702,"template":"","meta":{"_acf_changed":false},"product_brand":[],"product_cat":[8826],"product_tag":[10899,8402],"class_list":{"0":"post-16774","1":"product","2":"type-product","3":"status-publish","4":"has-post-thumbnail","6":"product_cat-coniferas","7":"product_tag-natural-es","8":"product_tag-tallo-alto","9":"pa_altezza-massima-30-metros","10":"pa_altezza-massima-40-metros","11":"pa_condizionamento-clt-es","12":"pa_condizionamento-placa","13":"pa_famiglia-taxodiaceae-es","14":"pa_genere-taxodium-es","15":"pa_inquinamento-resistente-al-smog","16":"pa_origine-origine-delle-piante-u-s-a-es","17":"pa_portamento-conico-es","18":"pa_resistenza-climatica-media-elevada","19":"pa_resistenza-del-suolo-resistente-a-la-humedad","20":"pa_resistenza-del-suolo-resistente-a-los-suelos-calcareos","21":"pa_utilizzo-parques","22":"pa_utilizzo-pequenos-jardines","24":"first","25":"instock","26":"purchasable","27":"product-type-simple"},"acf":[],"_links":{"self":[{"href":"https:\/\/innocentiemangonipiante.it\/es\/wp-json\/wp\/v2\/product\/16774","targetHints":{"allow":["GET"]}}],"collection":[{"href":"https:\/\/innocentiemangonipiante.it\/es\/wp-json\/wp\/v2\/product"}],"about":[{"href":"https:\/\/innocentiemangonipiante.it\/es\/wp-json\/wp\/v2\/types\/product"}],"wp:featuredmedia":[{"embeddable":true,"href":"https:\/\/innocentiemangonipiante.it\/es\/wp-json\/wp\/v2\/media\/5702"}],"wp:attachment":[{"href":"https:\/\/innocentiemangonipiante.it\/es\/wp-json\/wp\/v2\/media?parent=16774"}],"wp:term":[{"taxonomy":"product_brand","embeddable":true,"href":"https:\/\/innocentiemangonipiante.it\/es\/wp-json\/wp\/v2\/product_brand?post=16774"},{"taxonomy":"product_cat","embeddable":true,"href":"https:\/\/innocentiemangonipiante.it\/es\/wp-json\/wp\/v2\/product_cat?post=16774"},{"taxonomy":"product_tag","embeddable":true,"href":"https:\/\/innocentiemangonipiante.it\/es\/wp-json\/wp\/v2\/product_tag?post=16774"}],"curies":[{"name":"wp","href":"https:\/\/api.w.org\/{rel}","templated":true}]}}