{"id":16779,"date":"2023-11-04T03:14:15","date_gmt":"2023-11-04T02:14:15","guid":{"rendered":"http:\/\/innocentiemangonipiante.it\/thuja-plicata-atrovirens\/"},"modified":"2023-11-09T10:36:38","modified_gmt":"2023-11-09T09:36:38","slug":"thuja-plicata-atrovirens","status":"publish","type":"product","link":"https:\/\/innocentiemangonipiante.it\/es\/thuja-plicata-atrovirens\/","title":{"rendered":"THUJA plicata &#8216;Atrovirens&#8217;"},"content":{"rendered":"<p>Grande \u00e1rbol c\u00f3nico columnar que tiene ramas inferiores onduladas y corteza de color rojo-marr\u00f3n que se agrieta al envejecer, creando ligeros surcos en el tronco. Follaje con escamas de color verde oscuro. La compactaci\u00f3n y la rapidez de crecimiento de esta con\u00edfera la hacen una planta \u00f3ptima para realizar sotos, dado que se adapta muy bien a la poda.<\/p>\n","protected":false},"excerpt":{"rendered":"<p>Grande \u00e1rbol c\u00f3nico columnar que tiene ramas inferiores onduladas y corteza de color rojo-marr\u00f3n que se agrieta al envejecer, creando ligeros surcos en el tronco. Follaje con escamas de color verde oscuro. La compactaci\u00f3n y la rapidez de crecimiento de esta con\u00edfera la hacen una planta \u00f3ptima para realizar sotos, dado que se adapta muy [&hellip;]<\/p>\n","protected":false},"featured_media":5770,"template":"","meta":{"_acf_changed":false},"product_brand":[],"product_cat":[8826],"product_tag":[10899],"class_list":{"0":"post-16779","1":"product","2":"type-product","3":"status-publish","4":"has-post-thumbnail","6":"product_cat-coniferas","7":"product_tag-natural-es","8":"pa_altezza-massima-20-metros","9":"pa_altezza-massima-30-metros","10":"pa_condizionamento-clt-es","11":"pa_condizionamento-vs-es","12":"pa_famiglia-cupressaceae-es","13":"pa_genere-thuja-es","14":"pa_inquinamento-resistente-al-smog","15":"pa_origine-origine-delle-piante-u-s-a-es","16":"pa_portamento-de-columna-es","17":"pa_resistenza-climatica-muy-elevada","18":"pa_resistenza-del-suolo-resistente-a-los-suelos-calcareos","19":"pa_utilizzo-parques","20":"pa_utilizzo-pequenos-jardines","21":"pa_utilizzo-setos","23":"first","24":"instock","25":"purchasable","26":"product-type-simple"},"acf":[],"_links":{"self":[{"href":"https:\/\/innocentiemangonipiante.it\/es\/wp-json\/wp\/v2\/product\/16779","targetHints":{"allow":["GET"]}}],"collection":[{"href":"https:\/\/innocentiemangonipiante.it\/es\/wp-json\/wp\/v2\/product"}],"about":[{"href":"https:\/\/innocentiemangonipiante.it\/es\/wp-json\/wp\/v2\/types\/product"}],"wp:featuredmedia":[{"embeddable":true,"href":"https:\/\/innocentiemangonipiante.it\/es\/wp-json\/wp\/v2\/media\/5770"}],"wp:attachment":[{"href":"https:\/\/innocentiemangonipiante.it\/es\/wp-json\/wp\/v2\/media?parent=16779"}],"wp:term":[{"taxonomy":"product_brand","embeddable":true,"href":"https:\/\/innocentiemangonipiante.it\/es\/wp-json\/wp\/v2\/product_brand?post=16779"},{"taxonomy":"product_cat","embeddable":true,"href":"https:\/\/innocentiemangonipiante.it\/es\/wp-json\/wp\/v2\/product_cat?post=16779"},{"taxonomy":"product_tag","embeddable":true,"href":"https:\/\/innocentiemangonipiante.it\/es\/wp-json\/wp\/v2\/product_tag?post=16779"}],"curies":[{"name":"wp","href":"https:\/\/api.w.org\/{rel}","templated":true}]}}