{"id":16784,"date":"2023-11-04T03:13:24","date_gmt":"2023-11-04T02:13:24","guid":{"rendered":"http:\/\/innocentiemangonipiante.it\/thuja-occidentalis-danica\/"},"modified":"2023-11-09T10:36:02","modified_gmt":"2023-11-09T09:36:02","slug":"thuja-occidentalis-danica","status":"publish","type":"product","link":"https:\/\/innocentiemangonipiante.it\/es\/thuja-occidentalis-danica\/","title":{"rendered":"THUJA occidentalis &#8216;Danica&#8217;"},"content":{"rendered":"<p>Con\u00edfera enana de porte esf\u00e9rico, plato, con follaje fino, con escamas, muy espeso, compacto, de color verde brillante, que vuelve a verdemarr\u00f3n en invierno.<\/p>\n","protected":false},"excerpt":{"rendered":"<p>Con\u00edfera enana de porte esf\u00e9rico, plato, con follaje fino, con escamas, muy espeso, compacto, de color verde brillante, que vuelve a verdemarr\u00f3n en invierno.<\/p>\n","protected":false},"featured_media":5745,"template":"","meta":{"_acf_changed":false},"product_brand":[],"product_cat":[8826],"product_tag":[10899],"class_list":{"0":"post-16784","1":"product","2":"type-product","3":"status-publish","4":"has-post-thumbnail","6":"product_cat-coniferas","7":"product_tag-natural-es","8":"pa_altezza-massima-0_80-metros","9":"pa_altezza-massima-130-es","10":"pa_condizionamento-clt-es","11":"pa_condizionamento-vs-es","12":"pa_famiglia-cupressaceae-es","13":"pa_genere-thuja-es","14":"pa_inquinamento-resistente-al-smog","15":"pa_origine-dinamarca","16":"pa_portamento-arrotondato-es","17":"pa_resistenza-climatica-muy-elevada","18":"pa_resistenza-del-suolo-resistente-a-los-suelos-calcareos","19":"pa_utilizzo-balcones","20":"pa_utilizzo-pequenos-jardines","22":"first","23":"instock","24":"purchasable","25":"product-type-simple"},"acf":[],"_links":{"self":[{"href":"https:\/\/innocentiemangonipiante.it\/es\/wp-json\/wp\/v2\/product\/16784","targetHints":{"allow":["GET"]}}],"collection":[{"href":"https:\/\/innocentiemangonipiante.it\/es\/wp-json\/wp\/v2\/product"}],"about":[{"href":"https:\/\/innocentiemangonipiante.it\/es\/wp-json\/wp\/v2\/types\/product"}],"wp:featuredmedia":[{"embeddable":true,"href":"https:\/\/innocentiemangonipiante.it\/es\/wp-json\/wp\/v2\/media\/5745"}],"wp:attachment":[{"href":"https:\/\/innocentiemangonipiante.it\/es\/wp-json\/wp\/v2\/media?parent=16784"}],"wp:term":[{"taxonomy":"product_brand","embeddable":true,"href":"https:\/\/innocentiemangonipiante.it\/es\/wp-json\/wp\/v2\/product_brand?post=16784"},{"taxonomy":"product_cat","embeddable":true,"href":"https:\/\/innocentiemangonipiante.it\/es\/wp-json\/wp\/v2\/product_cat?post=16784"},{"taxonomy":"product_tag","embeddable":true,"href":"https:\/\/innocentiemangonipiante.it\/es\/wp-json\/wp\/v2\/product_tag?post=16784"}],"curies":[{"name":"wp","href":"https:\/\/api.w.org\/{rel}","templated":true}]}}