{"id":16788,"date":"2023-11-04T03:16:05","date_gmt":"2023-11-04T02:16:05","guid":{"rendered":"http:\/\/innocentiemangonipiante.it\/tilia-tomentosa-brabant\/"},"modified":"2023-11-09T10:38:22","modified_gmt":"2023-11-09T09:38:22","slug":"tilia-tomentosa-brabant","status":"publish","type":"product","link":"https:\/\/innocentiemangonipiante.it\/es\/tilia-tomentosa-brabant\/","title":{"rendered":"TILIA tomentosa &#8216;Brabant&#8217;"},"content":{"rendered":"<p>Porte c\u00f3nico, sim\u00e9trico y regular, m\u00e1s que su especie tipo. Muy vers\u00e1til para utilizaci\u00f3n urbana, avenidas y parques.<\/p>\n","protected":false},"excerpt":{"rendered":"<p>Porte c\u00f3nico, sim\u00e9trico y regular, m\u00e1s que su especie tipo. Muy vers\u00e1til para utilizaci\u00f3n urbana, avenidas y parques.<\/p>\n","protected":false},"featured_media":5848,"template":"","meta":{"_acf_changed":false},"product_brand":[],"product_cat":[8814],"product_tag":[10899,8402],"class_list":{"0":"post-16788","1":"product","2":"type-product","3":"status-publish","4":"has-post-thumbnail","6":"product_cat-arboles-y-arbustos-de-hoja-caduca","7":"product_tag-natural-es","8":"product_tag-tallo-alto","9":"pa_altezza-massima-15-metros","10":"pa_altezza-massima-20-metros","11":"pa_colore-fioritura-blanco","12":"pa_condizionamento-clt-es","13":"pa_condizionamento-placa","14":"pa_famiglia-tiliaceae-es","15":"pa_genere-tilia-es","16":"pa_inquinamento-resistente-al-smog","17":"pa_origine-holanda","18":"pa_periodo-fioritura-julio","19":"pa_periodo-fioritura-junio","20":"pa_portamento-piramidale-es","21":"pa_profumo-intenso-es","22":"pa_resistenza-climatica-media-elevada","23":"pa_resistenza-del-suolo-resistente-a-los-suelos-calcareos","24":"pa_resistenza-del-suolo-resistente-a-los-suelos-secos","25":"pa_utilizzo-avenidas","26":"pa_utilizzo-parques","28":"first","29":"instock","30":"purchasable","31":"product-type-simple"},"acf":[],"_links":{"self":[{"href":"https:\/\/innocentiemangonipiante.it\/es\/wp-json\/wp\/v2\/product\/16788","targetHints":{"allow":["GET"]}}],"collection":[{"href":"https:\/\/innocentiemangonipiante.it\/es\/wp-json\/wp\/v2\/product"}],"about":[{"href":"https:\/\/innocentiemangonipiante.it\/es\/wp-json\/wp\/v2\/types\/product"}],"wp:featuredmedia":[{"embeddable":true,"href":"https:\/\/innocentiemangonipiante.it\/es\/wp-json\/wp\/v2\/media\/5848"}],"wp:attachment":[{"href":"https:\/\/innocentiemangonipiante.it\/es\/wp-json\/wp\/v2\/media?parent=16788"}],"wp:term":[{"taxonomy":"product_brand","embeddable":true,"href":"https:\/\/innocentiemangonipiante.it\/es\/wp-json\/wp\/v2\/product_brand?post=16788"},{"taxonomy":"product_cat","embeddable":true,"href":"https:\/\/innocentiemangonipiante.it\/es\/wp-json\/wp\/v2\/product_cat?post=16788"},{"taxonomy":"product_tag","embeddable":true,"href":"https:\/\/innocentiemangonipiante.it\/es\/wp-json\/wp\/v2\/product_tag?post=16788"}],"curies":[{"name":"wp","href":"https:\/\/api.w.org\/{rel}","templated":true}]}}