{"id":16789,"date":"2023-11-04T03:15:59","date_gmt":"2023-11-04T02:15:59","guid":{"rendered":"http:\/\/innocentiemangonipiante.it\/tilia-tomentosa\/"},"modified":"2023-11-09T10:37:53","modified_gmt":"2023-11-09T09:37:53","slug":"tilia-tomentosa","status":"publish","type":"product","link":"https:\/\/innocentiemangonipiante.it\/es\/tilia-tomentosa\/","title":{"rendered":"TILIA tomentosa"},"content":{"rendered":"<p>\u00c1rbol de columnar a c\u00f3nico, con hojas de redondeadas a ovadas de color verde oscuro en el env\u00e9s superior y blanco-plateado en el inferior.<\/p>\n","protected":false},"excerpt":{"rendered":"<p>\u00c1rbol de columnar a c\u00f3nico, con hojas de redondeadas a ovadas de color verde oscuro en el env\u00e9s superior y blanco-plateado en el inferior.<\/p>\n","protected":false},"featured_media":5842,"template":"","meta":{"_acf_changed":false},"product_brand":[],"product_cat":[8814,9232],"product_tag":[10899,8402],"class_list":{"0":"post-16789","1":"product","2":"type-product","3":"status-publish","4":"has-post-thumbnail","6":"product_cat-arboles-y-arbustos-de-hoja-caduca","7":"product_cat-arboles-y-plantas-del-futuro","8":"product_tag-natural-es","9":"product_tag-tallo-alto","10":"pa_altezza-massima-20-metros","11":"pa_altezza-massima-30-metros","12":"pa_colore-fioritura-blanco","13":"pa_condizionamento-clt-es","14":"pa_condizionamento-placa","15":"pa_famiglia-tiliaceae-es","16":"pa_genere-tilia-es","17":"pa_inquinamento-resistente-al-smog","18":"pa_origine-europa-central","19":"pa_periodo-fioritura-julio","20":"pa_periodo-fioritura-junio","21":"pa_portamento-piramidale-es","22":"pa_profumo-intenso-es","23":"pa_resistenza-climatica-media-elevada","24":"pa_resistenza-del-suolo-resistente-a-los-suelos-calcareos","25":"pa_resistenza-del-suolo-resistente-a-los-suelos-secos","26":"pa_utilizzo-avenidas","27":"pa_utilizzo-parques","29":"first","30":"instock","31":"purchasable","32":"product-type-simple"},"acf":[],"_links":{"self":[{"href":"https:\/\/innocentiemangonipiante.it\/es\/wp-json\/wp\/v2\/product\/16789","targetHints":{"allow":["GET"]}}],"collection":[{"href":"https:\/\/innocentiemangonipiante.it\/es\/wp-json\/wp\/v2\/product"}],"about":[{"href":"https:\/\/innocentiemangonipiante.it\/es\/wp-json\/wp\/v2\/types\/product"}],"wp:featuredmedia":[{"embeddable":true,"href":"https:\/\/innocentiemangonipiante.it\/es\/wp-json\/wp\/v2\/media\/5842"}],"wp:attachment":[{"href":"https:\/\/innocentiemangonipiante.it\/es\/wp-json\/wp\/v2\/media?parent=16789"}],"wp:term":[{"taxonomy":"product_brand","embeddable":true,"href":"https:\/\/innocentiemangonipiante.it\/es\/wp-json\/wp\/v2\/product_brand?post=16789"},{"taxonomy":"product_cat","embeddable":true,"href":"https:\/\/innocentiemangonipiante.it\/es\/wp-json\/wp\/v2\/product_cat?post=16789"},{"taxonomy":"product_tag","embeddable":true,"href":"https:\/\/innocentiemangonipiante.it\/es\/wp-json\/wp\/v2\/product_tag?post=16789"}],"curies":[{"name":"wp","href":"https:\/\/api.w.org\/{rel}","templated":true}]}}