{"id":16790,"date":"2023-11-04T03:15:46","date_gmt":"2023-11-04T02:15:46","guid":{"rendered":"http:\/\/innocentiemangonipiante.it\/tilia-platyphyllos\/"},"modified":"2023-11-09T10:37:44","modified_gmt":"2023-11-09T09:37:44","slug":"tilia-platyphyllos","status":"publish","type":"product","link":"https:\/\/innocentiemangonipiante.it\/es\/tilia-platyphyllos\/","title":{"rendered":"TILIA platyphyllos"},"content":{"rendered":"<p>\u00c1rbol anchamente columnar con hojas de redondeadas a anchamente ovadas, verde oscuro, largas 8-15 cm, m\u00e1s claras debajo, que vuelven a amarillo en oto\u00f1o. Muy rustica. Bien adaptada para climas de altitud. Proteger el tronco de los rayos U.V.<\/p>\n","protected":false},"excerpt":{"rendered":"<p>\u00c1rbol anchamente columnar con hojas de redondeadas a anchamente ovadas, verde oscuro, largas 8-15 cm, m\u00e1s claras debajo, que vuelven a amarillo en oto\u00f1o. Muy rustica. Bien adaptada para climas de altitud. Proteger el tronco de los rayos U.V.<\/p>\n","protected":false},"featured_media":5830,"template":"","meta":{"_acf_changed":false},"product_brand":[],"product_cat":[8814],"product_tag":[10899,8598,8402,8434,8426],"class_list":{"0":"post-16790","1":"product","2":"type-product","3":"status-publish","4":"has-post-thumbnail","6":"product_cat-arboles-y-arbustos-de-hoja-caduca","7":"product_tag-natural-es","8":"product_tag-multitronco-es-2","9":"product_tag-tallo-alto","10":"product_tag-techo-de-tronco-alto","11":"product_tag-tronco-alto-espaldera","12":"pa_altezza-massima-25-metros","13":"pa_altezza-massima-35-metros","14":"pa_colore-fioritura-amarillo","15":"pa_condizionamento-clt-es","16":"pa_condizionamento-placa","17":"pa_famiglia-tiliaceae-es","18":"pa_genere-tilia-es","19":"pa_origine-europe-es","20":"pa_periodo-fioritura-julio","21":"pa_periodo-fioritura-junio","22":"pa_portamento-arrotondato-es","23":"pa_profumo-intenso-es","24":"pa_resistenza-climatica-muy-elevada","25":"pa_resistenza-del-suolo-resistente-a-los-suelos-calcareos","26":"pa_utilizzo-parques","28":"first","29":"instock","30":"purchasable","31":"product-type-simple"},"acf":[],"_links":{"self":[{"href":"https:\/\/innocentiemangonipiante.it\/es\/wp-json\/wp\/v2\/product\/16790","targetHints":{"allow":["GET"]}}],"collection":[{"href":"https:\/\/innocentiemangonipiante.it\/es\/wp-json\/wp\/v2\/product"}],"about":[{"href":"https:\/\/innocentiemangonipiante.it\/es\/wp-json\/wp\/v2\/types\/product"}],"wp:featuredmedia":[{"embeddable":true,"href":"https:\/\/innocentiemangonipiante.it\/es\/wp-json\/wp\/v2\/media\/5830"}],"wp:attachment":[{"href":"https:\/\/innocentiemangonipiante.it\/es\/wp-json\/wp\/v2\/media?parent=16790"}],"wp:term":[{"taxonomy":"product_brand","embeddable":true,"href":"https:\/\/innocentiemangonipiante.it\/es\/wp-json\/wp\/v2\/product_brand?post=16790"},{"taxonomy":"product_cat","embeddable":true,"href":"https:\/\/innocentiemangonipiante.it\/es\/wp-json\/wp\/v2\/product_cat?post=16790"},{"taxonomy":"product_tag","embeddable":true,"href":"https:\/\/innocentiemangonipiante.it\/es\/wp-json\/wp\/v2\/product_tag?post=16790"}],"curies":[{"name":"wp","href":"https:\/\/api.w.org\/{rel}","templated":true}]}}