{"id":16791,"date":"2023-11-04T03:15:39","date_gmt":"2023-11-04T02:15:39","guid":{"rendered":"http:\/\/innocentiemangonipiante.it\/tilia-henryana\/"},"modified":"2023-11-09T10:37:38","modified_gmt":"2023-11-09T09:37:38","slug":"tilia-henryana","status":"publish","type":"product","link":"https:\/\/innocentiemangonipiante.it\/es\/tilia-henryana\/","title":{"rendered":"TILIA henryana"},"content":{"rendered":"<p>Crecimiento lento, porte expandido. Hojas anchamente ovaladas, bronceadas en joven edad y despu\u00e9s verde brillante, muy particolar por los vistosos m\u00e1rgenes dentellados muy marcados. Floraci\u00f3n muy decorativa y sobre todo muy perfumada.<\/p>\n","protected":false},"excerpt":{"rendered":"<p>Crecimiento lento, porte expandido. Hojas anchamente ovaladas, bronceadas en joven edad y despu\u00e9s verde brillante, muy particolar por los vistosos m\u00e1rgenes dentellados muy marcados. Floraci\u00f3n muy decorativa y sobre todo muy perfumada.<\/p>\n","protected":false},"featured_media":5824,"template":"","meta":{"_acf_changed":false},"product_brand":[],"product_cat":[8814,9232],"product_tag":[10899,8598,8402],"class_list":{"0":"post-16791","1":"product","2":"type-product","3":"status-publish","4":"has-post-thumbnail","6":"product_cat-arboles-y-arbustos-de-hoja-caduca","7":"product_cat-arboles-y-plantas-del-futuro","8":"product_tag-natural-es","9":"product_tag-multitronco-es-2","10":"product_tag-tallo-alto","11":"pa_altezza-massima-15-metros","12":"pa_altezza-massima-20-metros","13":"pa_colore-fioritura-blanco","14":"pa_condizionamento-clt-es","15":"pa_condizionamento-placa","16":"pa_famiglia-tiliaceae-es","17":"pa_genere-tilia-es","18":"pa_origine-cina","19":"pa_periodo-fioritura-julio","20":"pa_periodo-fioritura-junio","21":"pa_portamento-arrotondato-es","22":"pa_profumo-intenso-es","23":"pa_resistenza-climatica-muy-elevada","24":"pa_resistenza-del-suolo-resistente-a-los-suelos-calcareos","25":"pa_utilizzo-parques","26":"pa_utilizzo-pequenos-jardines","28":"first","29":"instock","30":"purchasable","31":"product-type-simple"},"acf":[],"_links":{"self":[{"href":"https:\/\/innocentiemangonipiante.it\/es\/wp-json\/wp\/v2\/product\/16791","targetHints":{"allow":["GET"]}}],"collection":[{"href":"https:\/\/innocentiemangonipiante.it\/es\/wp-json\/wp\/v2\/product"}],"about":[{"href":"https:\/\/innocentiemangonipiante.it\/es\/wp-json\/wp\/v2\/types\/product"}],"wp:featuredmedia":[{"embeddable":true,"href":"https:\/\/innocentiemangonipiante.it\/es\/wp-json\/wp\/v2\/media\/5824"}],"wp:attachment":[{"href":"https:\/\/innocentiemangonipiante.it\/es\/wp-json\/wp\/v2\/media?parent=16791"}],"wp:term":[{"taxonomy":"product_brand","embeddable":true,"href":"https:\/\/innocentiemangonipiante.it\/es\/wp-json\/wp\/v2\/product_brand?post=16791"},{"taxonomy":"product_cat","embeddable":true,"href":"https:\/\/innocentiemangonipiante.it\/es\/wp-json\/wp\/v2\/product_cat?post=16791"},{"taxonomy":"product_tag","embeddable":true,"href":"https:\/\/innocentiemangonipiante.it\/es\/wp-json\/wp\/v2\/product_tag?post=16791"}],"curies":[{"name":"wp","href":"https:\/\/api.w.org\/{rel}","templated":true}]}}