{"id":16793,"date":"2023-11-04T03:16:28","date_gmt":"2023-11-04T02:16:28","guid":{"rendered":"http:\/\/innocentiemangonipiante.it\/tilia-x-europaea-pallida\/"},"modified":"2023-11-09T10:38:35","modified_gmt":"2023-11-09T09:38:35","slug":"tilia-x-europaea-pallida","status":"publish","type":"product","link":"https:\/\/innocentiemangonipiante.it\/es\/tilia-x-europaea-pallida\/","title":{"rendered":"TILIA x europaea &#8216;Pallida&#8217;"},"content":{"rendered":"<p>Grande \u00e1rbol caduco de porte conico y regular, muy vigoroso. Las ramas m\u00e1s j\u00f3venes tienen un caracter\u00edstico color rojizo en invierno. Desarrolla hojas de color verde claro que vuelven a amarillo oro en oto\u00f1o.<\/p>\n","protected":false},"excerpt":{"rendered":"<p>Grande \u00e1rbol caduco de porte conico y regular, muy vigoroso. Las ramas m\u00e1s j\u00f3venes tienen un caracter\u00edstico color rojizo en invierno. Desarrolla hojas de color verde claro que vuelven a amarillo oro en oto\u00f1o.<\/p>\n","protected":false},"featured_media":5861,"template":"","meta":{"_acf_changed":false},"product_brand":[],"product_cat":[8814],"product_tag":[10899,8402,8426],"class_list":{"0":"post-16793","1":"product","2":"type-product","3":"status-publish","4":"has-post-thumbnail","6":"product_cat-arboles-y-arbustos-de-hoja-caduca","7":"product_tag-natural-es","8":"product_tag-tallo-alto","9":"product_tag-tronco-alto-espaldera","10":"pa_altezza-massima-25-metros","11":"pa_altezza-massima-35-metros","12":"pa_arte-topiaria-disponible-planta-en-forma","13":"pa_colore-fioritura-amarillo","14":"pa_condizionamento-clt-es","15":"pa_condizionamento-placa","16":"pa_famiglia-tiliaceae-es","17":"pa_genere-tilia-es","18":"pa_origine-europe-es","19":"pa_periodo-fioritura-junio","20":"pa_periodo-fioritura-mayo","21":"pa_portamento-piramidale-es","22":"pa_profumo-intenso-es","23":"pa_resistenza-climatica-muy-elevada","24":"pa_resistenza-del-suolo-resistente-a-los-suelos-calcareos","25":"pa_utilizzo-avenidas","26":"pa_utilizzo-parques","28":"first","29":"instock","30":"purchasable","31":"product-type-simple"},"acf":[],"_links":{"self":[{"href":"https:\/\/innocentiemangonipiante.it\/es\/wp-json\/wp\/v2\/product\/16793","targetHints":{"allow":["GET"]}}],"collection":[{"href":"https:\/\/innocentiemangonipiante.it\/es\/wp-json\/wp\/v2\/product"}],"about":[{"href":"https:\/\/innocentiemangonipiante.it\/es\/wp-json\/wp\/v2\/types\/product"}],"wp:featuredmedia":[{"embeddable":true,"href":"https:\/\/innocentiemangonipiante.it\/es\/wp-json\/wp\/v2\/media\/5861"}],"wp:attachment":[{"href":"https:\/\/innocentiemangonipiante.it\/es\/wp-json\/wp\/v2\/media?parent=16793"}],"wp:term":[{"taxonomy":"product_brand","embeddable":true,"href":"https:\/\/innocentiemangonipiante.it\/es\/wp-json\/wp\/v2\/product_brand?post=16793"},{"taxonomy":"product_cat","embeddable":true,"href":"https:\/\/innocentiemangonipiante.it\/es\/wp-json\/wp\/v2\/product_cat?post=16793"},{"taxonomy":"product_tag","embeddable":true,"href":"https:\/\/innocentiemangonipiante.it\/es\/wp-json\/wp\/v2\/product_tag?post=16793"}],"curies":[{"name":"wp","href":"https:\/\/api.w.org\/{rel}","templated":true}]}}