{"id":16794,"date":"2023-11-04T03:16:21","date_gmt":"2023-11-04T02:16:21","guid":{"rendered":"http:\/\/innocentiemangonipiante.it\/tilia-x-euchlora\/"},"modified":"2023-11-09T10:38:31","modified_gmt":"2023-11-09T09:38:31","slug":"tilia-x-euchlora","status":"publish","type":"product","link":"https:\/\/innocentiemangonipiante.it\/es\/tilia-x-euchlora\/","title":{"rendered":"TILIA x euchlora"},"content":{"rendered":"<p>\u00c1rbol de tallo medio de porte redondeado con ramas ligeramente p\u00e9ndulas a la madurez. Las hojas, de redondeadas a anchamente ovadas, son cordadas en la base, l\u00facidas, de color verde oscuro arriba y verde m\u00e1s claro debajo. A mediados de verano produce cimas de 4-8 flores color blanco-amarillo claro. Las ramas j\u00f3venes son de color verde-amarillejo. La corteza es de color gris claro.<\/p>\n","protected":false},"excerpt":{"rendered":"<p>\u00c1rbol de tallo medio de porte redondeado con ramas ligeramente p\u00e9ndulas a la madurez. Las hojas, de redondeadas a anchamente ovadas, son cordadas en la base, l\u00facidas, de color verde oscuro arriba y verde m\u00e1s claro debajo. A mediados de verano produce cimas de 4-8 flores color blanco-amarillo claro. Las ramas j\u00f3venes son de color [&hellip;]<\/p>\n","protected":false},"featured_media":5855,"template":"","meta":{"_acf_changed":false},"product_brand":[],"product_cat":[8814],"product_tag":[10899,8598,8402],"class_list":{"0":"post-16794","1":"product","2":"type-product","3":"status-publish","4":"has-post-thumbnail","6":"product_cat-arboles-y-arbustos-de-hoja-caduca","7":"product_tag-natural-es","8":"product_tag-multitronco-es-2","9":"product_tag-tallo-alto","10":"pa_altezza-massima-15-metros","11":"pa_altezza-massima-20-metros","12":"pa_colore-fioritura-blanco","13":"pa_condizionamento-clt-es","14":"pa_condizionamento-placa","15":"pa_famiglia-tiliaceae-es","16":"pa_genere-tilia-es","17":"pa_origine-europe-es","18":"pa_periodo-fioritura-julio","19":"pa_portamento-arrotondato-es","20":"pa_profumo-intenso-es","21":"pa_resistenza-climatica-muy-elevada","22":"pa_resistenza-del-suolo-resistente-a-los-suelos-calcareos","23":"pa_resistenza-del-suolo-resistente-a-los-suelos-secos","24":"pa_utilizzo-avenidas","25":"pa_utilizzo-parques","27":"first","28":"instock","29":"purchasable","30":"product-type-simple"},"acf":[],"_links":{"self":[{"href":"https:\/\/innocentiemangonipiante.it\/es\/wp-json\/wp\/v2\/product\/16794","targetHints":{"allow":["GET"]}}],"collection":[{"href":"https:\/\/innocentiemangonipiante.it\/es\/wp-json\/wp\/v2\/product"}],"about":[{"href":"https:\/\/innocentiemangonipiante.it\/es\/wp-json\/wp\/v2\/types\/product"}],"wp:featuredmedia":[{"embeddable":true,"href":"https:\/\/innocentiemangonipiante.it\/es\/wp-json\/wp\/v2\/media\/5855"}],"wp:attachment":[{"href":"https:\/\/innocentiemangonipiante.it\/es\/wp-json\/wp\/v2\/media?parent=16794"}],"wp:term":[{"taxonomy":"product_brand","embeddable":true,"href":"https:\/\/innocentiemangonipiante.it\/es\/wp-json\/wp\/v2\/product_brand?post=16794"},{"taxonomy":"product_cat","embeddable":true,"href":"https:\/\/innocentiemangonipiante.it\/es\/wp-json\/wp\/v2\/product_cat?post=16794"},{"taxonomy":"product_tag","embeddable":true,"href":"https:\/\/innocentiemangonipiante.it\/es\/wp-json\/wp\/v2\/product_tag?post=16794"}],"curies":[{"name":"wp","href":"https:\/\/api.w.org\/{rel}","templated":true}]}}