{"id":16797,"date":"2023-11-04T03:15:19","date_gmt":"2023-11-04T02:15:19","guid":{"rendered":"http:\/\/innocentiemangonipiante.it\/tilia-cordata-greenspire\/"},"modified":"2023-11-09T10:37:24","modified_gmt":"2023-11-09T09:37:24","slug":"tilia-cordata-greenspire","status":"publish","type":"product","link":"https:\/\/innocentiemangonipiante.it\/es\/tilia-cordata-greenspire\/","title":{"rendered":"TILIA cordata &#8216;Greenspire&#8217; \u00ae"},"content":{"rendered":"<p>\u00c1rbol de tallo medio de porte erguido, muy vigoroso. La corona tiene, desde la fase juvenil, una forma densa c\u00f3nica y regular. Las hojas son redondeadas, largas hasta 10 cm, l\u00facidas, de color verde oscuro, que vuelve a amarillo en oto\u00f1o, ligeramente c\u00f3ncavas en el env\u00e9s superior.<\/p>\n","protected":false},"excerpt":{"rendered":"<p>\u00c1rbol de tallo medio de porte erguido, muy vigoroso. La corona tiene, desde la fase juvenil, una forma densa c\u00f3nica y regular. Las hojas son redondeadas, largas hasta 10 cm, l\u00facidas, de color verde oscuro, que vuelve a amarillo en oto\u00f1o, ligeramente c\u00f3ncavas en el env\u00e9s superior.<\/p>\n","protected":false},"featured_media":5806,"template":"","meta":{"_acf_changed":false},"product_brand":[],"product_cat":[8814],"product_tag":[10899,8598,8402],"class_list":{"0":"post-16797","1":"product","2":"type-product","3":"status-publish","4":"has-post-thumbnail","6":"product_cat-arboles-y-arbustos-de-hoja-caduca","7":"product_tag-natural-es","8":"product_tag-multitronco-es-2","9":"product_tag-tallo-alto","10":"pa_altezza-massima-15-metros","11":"pa_altezza-massima-20-metros","12":"pa_colore-fioritura-amarillo","13":"pa_condizionamento-clt-es","14":"pa_condizionamento-placa","15":"pa_famiglia-tiliaceae-es","16":"pa_genere-tilia-es","17":"pa_inquinamento-resistente-al-smog","18":"pa_origine-origine-delle-piante-u-s-a-es","19":"pa_periodo-fioritura-agosto-es","20":"pa_portamento-arrotondato-es","21":"pa_profumo-intenso-es","22":"pa_resistenza-climatica-muy-elevada","23":"pa_resistenza-del-suolo-resistente-a-los-suelos-calcareos","24":"pa_utilizzo-avenidas","26":"first","27":"instock","28":"purchasable","29":"product-type-simple"},"acf":[],"_links":{"self":[{"href":"https:\/\/innocentiemangonipiante.it\/es\/wp-json\/wp\/v2\/product\/16797","targetHints":{"allow":["GET"]}}],"collection":[{"href":"https:\/\/innocentiemangonipiante.it\/es\/wp-json\/wp\/v2\/product"}],"about":[{"href":"https:\/\/innocentiemangonipiante.it\/es\/wp-json\/wp\/v2\/types\/product"}],"wp:featuredmedia":[{"embeddable":true,"href":"https:\/\/innocentiemangonipiante.it\/es\/wp-json\/wp\/v2\/media\/5806"}],"wp:attachment":[{"href":"https:\/\/innocentiemangonipiante.it\/es\/wp-json\/wp\/v2\/media?parent=16797"}],"wp:term":[{"taxonomy":"product_brand","embeddable":true,"href":"https:\/\/innocentiemangonipiante.it\/es\/wp-json\/wp\/v2\/product_brand?post=16797"},{"taxonomy":"product_cat","embeddable":true,"href":"https:\/\/innocentiemangonipiante.it\/es\/wp-json\/wp\/v2\/product_cat?post=16797"},{"taxonomy":"product_tag","embeddable":true,"href":"https:\/\/innocentiemangonipiante.it\/es\/wp-json\/wp\/v2\/product_tag?post=16797"}],"curies":[{"name":"wp","href":"https:\/\/api.w.org\/{rel}","templated":true}]}}