{"id":16798,"date":"2023-11-04T03:15:13","date_gmt":"2023-11-04T02:15:13","guid":{"rendered":"http:\/\/innocentiemangonipiante.it\/tilia-cordata\/"},"modified":"2023-11-09T10:37:20","modified_gmt":"2023-11-09T09:37:20","slug":"tilia-cordata","status":"publish","type":"product","link":"https:\/\/innocentiemangonipiante.it\/es\/tilia-cordata\/","title":{"rendered":"TILIA cordata"},"content":{"rendered":"<p>\u00c1rbol caduco de porte anchamente c\u00f3nico inicialmente, luego m\u00e1s redondeado. Las hojas son alternadas, redondeadas, largas hasta 8 cm, de color verde oscuro, verde azul en el env\u00e9s inferior y vuelven a amarillo en oto\u00f1o. A mediados de verano, cimas hasta 10 flores de color amarillo claro.<\/p>\n","protected":false},"excerpt":{"rendered":"<p>\u00c1rbol caduco de porte anchamente c\u00f3nico inicialmente, luego m\u00e1s redondeado. Las hojas son alternadas, redondeadas, largas hasta 8 cm, de color verde oscuro, verde azul en el env\u00e9s inferior y vuelven a amarillo en oto\u00f1o. A mediados de verano, cimas hasta 10 flores de color amarillo claro.<\/p>\n","protected":false},"featured_media":5800,"template":"","meta":{"_acf_changed":false},"product_brand":[],"product_cat":[8814],"product_tag":[10899,8598,8402],"class_list":{"0":"post-16798","1":"product","2":"type-product","3":"status-publish","4":"has-post-thumbnail","6":"product_cat-arboles-y-arbustos-de-hoja-caduca","7":"product_tag-natural-es","8":"product_tag-multitronco-es-2","9":"product_tag-tallo-alto","10":"pa_altezza-massima-15-metros","11":"pa_altezza-massima-25-metros","12":"pa_colore-fioritura-amarillo","13":"pa_condizionamento-clt-es","14":"pa_condizionamento-placa","15":"pa_famiglia-tiliaceae-es","16":"pa_genere-tilia-es","17":"pa_inquinamento-resistente-al-smog","18":"pa_origine-europe-es","19":"pa_periodo-fioritura-agosto-es","20":"pa_portamento-arrotondato-es","21":"pa_profumo-intenso-es","22":"pa_resistenza-climatica-muy-elevada","23":"pa_resistenza-del-suolo-resistente-a-los-suelos-calcareos","24":"pa_utilizzo-avenidas","26":"first","27":"instock","28":"purchasable","29":"product-type-simple"},"acf":[],"_links":{"self":[{"href":"https:\/\/innocentiemangonipiante.it\/es\/wp-json\/wp\/v2\/product\/16798","targetHints":{"allow":["GET"]}}],"collection":[{"href":"https:\/\/innocentiemangonipiante.it\/es\/wp-json\/wp\/v2\/product"}],"about":[{"href":"https:\/\/innocentiemangonipiante.it\/es\/wp-json\/wp\/v2\/types\/product"}],"wp:featuredmedia":[{"embeddable":true,"href":"https:\/\/innocentiemangonipiante.it\/es\/wp-json\/wp\/v2\/media\/5800"}],"wp:attachment":[{"href":"https:\/\/innocentiemangonipiante.it\/es\/wp-json\/wp\/v2\/media?parent=16798"}],"wp:term":[{"taxonomy":"product_brand","embeddable":true,"href":"https:\/\/innocentiemangonipiante.it\/es\/wp-json\/wp\/v2\/product_brand?post=16798"},{"taxonomy":"product_cat","embeddable":true,"href":"https:\/\/innocentiemangonipiante.it\/es\/wp-json\/wp\/v2\/product_cat?post=16798"},{"taxonomy":"product_tag","embeddable":true,"href":"https:\/\/innocentiemangonipiante.it\/es\/wp-json\/wp\/v2\/product_tag?post=16798"}],"curies":[{"name":"wp","href":"https:\/\/api.w.org\/{rel}","templated":true}]}}