{"id":16801,"date":"2023-11-04T03:17:21","date_gmt":"2023-11-04T02:17:21","guid":{"rendered":"http:\/\/innocentiemangonipiante.it\/trachycarpus-fortunei-wagnerianus\/"},"modified":"2023-11-09T10:39:20","modified_gmt":"2023-11-09T09:39:20","slug":"trachycarpus-fortunei-wagnerianus","status":"publish","type":"product","link":"https:\/\/innocentiemangonipiante.it\/es\/trachycarpus-fortunei-wagnerianus\/","title":{"rendered":"TRACHYCARPUS fortunei &#8216;Wagnerianus&#8217;"},"content":{"rendered":"<p>Selecci\u00f3n m\u00e1s resistente de T. fortunei, con hojas m\u00e1s peque\u00f1as y porte compacto.Interesante por la resistencia al viento y al fr\u00edo, incluso en condiciones de humedad elevada.<\/p>\n","protected":false},"excerpt":{"rendered":"<p>Selecci\u00f3n m\u00e1s resistente de T. fortunei, con hojas m\u00e1s peque\u00f1as y porte compacto.Interesante por la resistencia al viento y al fr\u00edo, incluso en condiciones de humedad elevada.<\/p>\n","protected":false},"featured_media":5879,"template":"","meta":{"_acf_changed":false},"product_brand":[],"product_cat":[8831],"product_tag":[10899],"class_list":{"0":"post-16801","1":"product","2":"type-product","3":"status-publish","4":"has-post-thumbnail","6":"product_cat-palmaceas-y-suculentas","7":"product_tag-natural-es","8":"pa_altezza-massima-400-es","9":"pa_altezza-massima-600-es","10":"pa_colore-fioritura-amarillo","11":"pa_condizionamento-clt-es","12":"pa_famiglia-palmae-es","13":"pa_genere-trachycarpus-es","14":"pa_origine-japon-es","15":"pa_periodo-fioritura-junio","16":"pa_portamento-eretto-es","17":"pa_resistenza-climatica-media-elevada","18":"pa_resistenza-del-suolo-resistente-a-la-humedad","19":"pa_resistenza-del-suolo-resistente-a-los-suelos-calcareos","20":"pa_resistenza-del-suolo-resistente-a-los-suelos-secos","21":"pa_utilizzo-parques","22":"pa_utilizzo-pequenos-jardines","24":"first","25":"instock","26":"purchasable","27":"product-type-simple"},"acf":[],"_links":{"self":[{"href":"https:\/\/innocentiemangonipiante.it\/es\/wp-json\/wp\/v2\/product\/16801","targetHints":{"allow":["GET"]}}],"collection":[{"href":"https:\/\/innocentiemangonipiante.it\/es\/wp-json\/wp\/v2\/product"}],"about":[{"href":"https:\/\/innocentiemangonipiante.it\/es\/wp-json\/wp\/v2\/types\/product"}],"wp:featuredmedia":[{"embeddable":true,"href":"https:\/\/innocentiemangonipiante.it\/es\/wp-json\/wp\/v2\/media\/5879"}],"wp:attachment":[{"href":"https:\/\/innocentiemangonipiante.it\/es\/wp-json\/wp\/v2\/media?parent=16801"}],"wp:term":[{"taxonomy":"product_brand","embeddable":true,"href":"https:\/\/innocentiemangonipiante.it\/es\/wp-json\/wp\/v2\/product_brand?post=16801"},{"taxonomy":"product_cat","embeddable":true,"href":"https:\/\/innocentiemangonipiante.it\/es\/wp-json\/wp\/v2\/product_cat?post=16801"},{"taxonomy":"product_tag","embeddable":true,"href":"https:\/\/innocentiemangonipiante.it\/es\/wp-json\/wp\/v2\/product_tag?post=16801"}],"curies":[{"name":"wp","href":"https:\/\/api.w.org\/{rel}","templated":true}]}}