{"id":16807,"date":"2023-11-04T03:18:16","date_gmt":"2023-11-04T02:18:16","guid":{"rendered":"http:\/\/innocentiemangonipiante.it\/ulmus-x-sapporo-autumn-gold\/"},"modified":"2023-11-09T10:39:56","modified_gmt":"2023-11-09T09:39:56","slug":"ulmus-x-sapporo-autumn-gold","status":"publish","type":"product","link":"https:\/\/innocentiemangonipiante.it\/es\/ulmus-x-sapporo-autumn-gold\/","title":{"rendered":"ULMUS x &#8216;Sapporo Autumn Gold&#8217; \u00ae"},"content":{"rendered":"<p>\u00c1rbol caduco de porte anchamente c\u00f3nico, con ramificaciones erguidas que llevan hojas ovadas, lisas, dentadas, l\u00facidas, de color verde oscuro que vuelven a amarillo oro en oto\u00f1o. Selecci\u00f3n muy resistente a la grafiosis.<\/p>\n","protected":false},"excerpt":{"rendered":"<p>\u00c1rbol caduco de porte anchamente c\u00f3nico, con ramificaciones erguidas que llevan hojas ovadas, lisas, dentadas, l\u00facidas, de color verde oscuro que vuelven a amarillo oro en oto\u00f1o. Selecci\u00f3n muy resistente a la grafiosis.<\/p>\n","protected":false},"featured_media":5926,"template":"","meta":{"_acf_changed":false},"product_brand":[],"product_cat":[8814],"product_tag":[10899,8402],"class_list":{"0":"post-16807","1":"product","2":"type-product","3":"status-publish","4":"has-post-thumbnail","6":"product_cat-arboles-y-arbustos-de-hoja-caduca","7":"product_tag-natural-es","8":"product_tag-tallo-alto","9":"pa_altezza-massima-1000-es-2","10":"pa_altezza-massima-15-metros","11":"pa_condizionamento-clt-es","12":"pa_condizionamento-placa","13":"pa_famiglia-ulmaceae-es-2","14":"pa_genere-ulmus-es","15":"pa_origine-europe-es","16":"pa_portamento-eretto-es","17":"pa_resistenza-climatica-muy-elevada","18":"pa_salinita-resistente-alla-salsedine-es","19":"pa_utilizzo-avenidas","20":"pa_utilizzo-pequenos-jardines","22":"first","23":"instock","24":"purchasable","25":"product-type-simple"},"acf":[],"_links":{"self":[{"href":"https:\/\/innocentiemangonipiante.it\/es\/wp-json\/wp\/v2\/product\/16807","targetHints":{"allow":["GET"]}}],"collection":[{"href":"https:\/\/innocentiemangonipiante.it\/es\/wp-json\/wp\/v2\/product"}],"about":[{"href":"https:\/\/innocentiemangonipiante.it\/es\/wp-json\/wp\/v2\/types\/product"}],"wp:featuredmedia":[{"embeddable":true,"href":"https:\/\/innocentiemangonipiante.it\/es\/wp-json\/wp\/v2\/media\/5926"}],"wp:attachment":[{"href":"https:\/\/innocentiemangonipiante.it\/es\/wp-json\/wp\/v2\/media?parent=16807"}],"wp:term":[{"taxonomy":"product_brand","embeddable":true,"href":"https:\/\/innocentiemangonipiante.it\/es\/wp-json\/wp\/v2\/product_brand?post=16807"},{"taxonomy":"product_cat","embeddable":true,"href":"https:\/\/innocentiemangonipiante.it\/es\/wp-json\/wp\/v2\/product_cat?post=16807"},{"taxonomy":"product_tag","embeddable":true,"href":"https:\/\/innocentiemangonipiante.it\/es\/wp-json\/wp\/v2\/product_tag?post=16807"}],"curies":[{"name":"wp","href":"https:\/\/api.w.org\/{rel}","templated":true}]}}